{"id":41097,"date":"2024-03-14T14:17:40","date_gmt":"2024-03-14T13:17:40","guid":{"rendered":"https:\/\/puerto-banus.com\/marine-biodiversity-regeneration-system\/"},"modified":"2024-03-21T10:21:50","modified_gmt":"2024-03-21T09:21:50","slug":"marine-biodiversity-regeneration-system","status":"publish","type":"page","link":"https:\/\/puerto-banus.com\/en\/marine-biodiversity-regeneration-system\/","title":{"rendered":"Marine Biodiversity Regeneration System"},"content":{"rendered":"<p>[et_pb_section fb_built=&#8221;1&#8243; next_background_color=&#8221;#02273d&#8221; admin_label=&#8221;Header&#8221; _builder_version=&#8221;4.24.2&#8243; _module_preset=&#8221;default&#8221; background_enable_color=&#8221;off&#8221; background_image=&#8221;https:\/\/puerto-banus.com\/wp-content\/uploads\/2024\/03\/Cratena-peregrina.webp&#8221; parallax=&#8221;on&#8221; parallax_method=&#8221;off&#8221; background_blend=&#8221;multiply&#8221; min_height_tablet=&#8221;60vh&#8221; min_height_phone=&#8221;60vh&#8221; min_height_last_edited=&#8221;on|phone&#8221; height=&#8221;61vh&#8221; height_tablet=&#8221;85vh&#8221; height_phone=&#8221;85vh&#8221; height_last_edited=&#8221;on|desktop&#8221; custom_margin=&#8221;||||false|false&#8221; custom_padding=&#8221;0vw||0vw||true|false&#8221; bottom_divider_style=&#8221;arrow3&#8243; locked=&#8221;off&#8221; collapsed=&#8221;off&#8221; global_colors_info=&#8221;{}&#8221;][\/et_pb_section][et_pb_section fb_built=&#8221;1&#8243; custom_padding_last_edited=&#8221;on|desktop&#8221; admin_label=&#8221;Feature&#8221; _builder_version=&#8221;4.19.1&#8243; _module_preset=&#8221;default&#8221; background_color=&#8221;#02273d&#8221; background_enable_image=&#8221;off&#8221; custom_margin=&#8221;0px||||false|false&#8221; custom_margin_tablet=&#8221;||||false|false&#8221; custom_margin_phone=&#8221;||||false|false&#8221; custom_margin_last_edited=&#8221;on|phone&#8221; custom_padding=&#8221;1vw||2vw||false|false&#8221; custom_padding_tablet=&#8221;||8vw||false|false&#8221; custom_padding_phone=&#8221;||13vw||false|false&#8221; background_last_edited=&#8221;on|desktop&#8221; use_background_color_gradient_tablet=&#8221;off&#8221; locked=&#8221;off&#8221; collapsed=&#8221;off&#8221; global_colors_info=&#8221;{}&#8221;][et_pb_row _builder_version=&#8221;4.18.0&#8243; _module_preset=&#8221;default&#8221; width_tablet=&#8221;80%&#8221; width_phone=&#8221;80%&#8221; width_last_edited=&#8221;on|phone&#8221; max_width=&#8221;100%&#8221; custom_padding=&#8221;||30px|||&#8221; locked=&#8221;off&#8221; global_colors_info=&#8221;{}&#8221;][et_pb_column type=&#8221;4_4&#8243; _builder_version=&#8221;4.18.0&#8243; _module_preset=&#8221;default&#8221; global_colors_info=&#8221;{}&#8221;][et_pb_text _builder_version=&#8221;4.24.2&#8243; _module_preset=&#8221;4827deed-2a92-4d97-a22f-f01067ae6873&#8243; header_font=&#8221;Montserrat|300|||||||&#8221; header_text_color=&#8221;#FFFFFF&#8221; header_font_size=&#8221;42px&#8221; header_line_height=&#8221;1.1em&#8221; header_3_font=&#8221;Montserrat||||||||&#8221; header_3_font_size=&#8221;18px&#8221; header_3_line_height=&#8221;1.4em&#8221; header_4_font=&#8221;Poppins|500|||||||&#8221; header_4_text_color=&#8221;gcid-e010f2a6-5bcc-4cbf-902a-b2f60822625a&#8221; header_4_line_height=&#8221;1.2em&#8221; text_orientation=&#8221;center&#8221; width_tablet=&#8221;&#8221; width_phone=&#8221;&#8221; width_last_edited=&#8221;on|phone&#8221; max_width=&#8221;100%&#8221; module_alignment=&#8221;center&#8221; custom_margin=&#8221;16px||9px|340px||&#8221; header_font_size_tablet=&#8221;42px&#8221; header_font_size_phone=&#8221;35px&#8221; header_font_size_last_edited=&#8221;on|desktop&#8221; header_3_font_size_tablet=&#8221;25px&#8221; header_3_font_size_phone=&#8221;18px&#8221; header_3_font_size_last_edited=&#8221;on|phone&#8221; header_4_font_size_tablet=&#8221;16px&#8221; header_4_font_size_phone=&#8221;14px&#8221; header_4_font_size_last_edited=&#8221;on|tablet&#8221; global_colors_info=&#8221;{%22gcid-e010f2a6-5bcc-4cbf-902a-b2f60822625a%22:%91%22header_4_text_color%22%93}&#8221;]<\/p>\n<h1>MARINE BIODIVERSITY REGENERATION SYSTEM IN PUERTO BAN\u00daS<\/h1>\n<p>[\/et_pb_text][et_pb_text _builder_version=&#8221;4.24.2&#8243; _module_preset=&#8221;default&#8221; text_font=&#8221;Montserrat|300|||||||&#8221; text_text_color=&#8221;#FFFFFF&#8221; text_line_height=&#8221;1.4em&#8221; link_font=&#8221;Montserrat|300|||on||||&#8221; link_text_color=&#8221;#FFFFFF&#8221; header_3_font=&#8221;Montserrat|300|||||||&#8221; header_3_text_align=&#8221;center&#8221; header_3_text_color=&#8221;#FFFFFF&#8221; header_3_font_size=&#8221;14px&#8221; header_3_line_height=&#8221;1.4em&#8221; text_orientation=&#8221;center&#8221; background_layout=&#8221;dark&#8221; custom_margin=&#8221;||8px||false|false&#8221; text_font_size_tablet=&#8221;15px&#8221; text_font_size_phone=&#8221;14px&#8221; text_font_size_last_edited=&#8221;on|phone&#8221; header_3_font_size_tablet=&#8221;14px&#8221; header_3_font_size_phone=&#8221;14px&#8221; header_3_font_size_last_edited=&#8221;on|desktop&#8221; global_colors_info=&#8221;{}&#8221;]<\/p>\n<p><span style=\"font-weight: 400;\">In November 2022, in collaboration with <a href=\"https:\/\/oceanecostructures.com\/\">Ocean Ecostructures<\/a>, we installed systems in several areas under the water in the sheltered zone, which allow the regeneration of marine biodiversity. Thus, we became the first Andalusian port to use this innovative technology, which allows us to revitalize and recycle marine infrastructure and damaged environments, restoring life and reinforcing the fight against climate change with the recovery of the marine environment. Consult the scientific reports of the data collected in the monitoring carried out every three months since installation.<\/span><\/p>\n<p>[\/et_pb_text][\/et_pb_column][\/et_pb_row][\/et_pb_section][et_pb_section fb_built=&#8221;1&#8243; custom_padding_last_edited=&#8221;on|phone&#8221; admin_label=&#8221;Feature&#8221; _builder_version=&#8221;4.19.1&#8243; _module_preset=&#8221;default&#8221; background_enable_color=&#8221;off&#8221; overflow-x=&#8221;hidden&#8221; custom_padding=&#8221;4vw||2vw||false|false&#8221; custom_padding_tablet=&#8221;12vw||9vw||false|false&#8221; custom_padding_phone=&#8221;19vw||||false|false&#8221; use_background_color_gradient_tablet=&#8221;off&#8221; locked=&#8221;off&#8221; collapsed=&#8221;on&#8221; global_colors_info=&#8221;{}&#8221;][et_pb_row column_structure=&#8221;1_2,1_2&#8243; make_equal=&#8221;on&#8221; _builder_version=&#8221;4.19.3&#8243; _module_preset=&#8221;default&#8221; global_colors_info=&#8221;{}&#8221;][et_pb_column type=&#8221;1_2&#8243; _builder_version=&#8221;4.18.0&#8243; _module_preset=&#8221;default&#8221; global_colors_info=&#8221;{}&#8221;][et_pb_image src=&#8221;https:\/\/puerto-banus.com\/wp-content\/uploads\/2024\/03\/Ocean-Ecostructures-Puerto-Banus-I-Report-1.webp&#8221; alt=&#8221;MARINE BIODIVERSITY REGENERATION SYSTEM&#8221; title_text=&#8221;Ocean Ecostructures Puerto Ban\u00fas I Report&#8221; url=&#8221;https:\/\/puerto-banus.com\/wp-content\/uploads\/2024\/03\/I-Informe-Ocean-Ecostructures-Puerto-Banus.pdf&#8221; url_new_window=&#8221;on&#8221; module_class=&#8221;zoom&#8221; _builder_version=&#8221;4.24.2&#8243; _module_preset=&#8221;default&#8221; global_colors_info=&#8221;{}&#8221;][\/et_pb_image][et_pb_divider color=&#8221;#02273d&#8221; _builder_version=&#8221;4.19.3&#8243; _module_preset=&#8221;default&#8221; custom_margin=&#8221;||||false|false&#8221; global_colors_info=&#8221;{}&#8221;][\/et_pb_divider][et_pb_button button_url=&#8221;https:\/\/puerto-banus.com\/wp-content\/uploads\/2024\/03\/I-Informe-Ocean-Ecostructures-Puerto-Banus.pdf&#8221; url_new_window=&#8221;on&#8221; button_text=&#8221;DOWNLOAD&#8221; button_alignment=&#8221;center&#8221; _builder_version=&#8221;4.24.2&#8243; _module_preset=&#8221;default&#8221; custom_button=&#8221;on&#8221; button_text_size=&#8221;18px&#8221; button_text_color=&#8221;#02273d&#8221; button_bg_color=&#8221;RGBA(255,255,255,0)&#8221; button_border_width=&#8221;0px&#8221; button_border_color=&#8221;#02273d&#8221; button_font=&#8221;Montserrat|600|||||||&#8221; button_icon=&#8221;&#xe091;||divi||400&#8243; button_icon_color=&#8221;#02273d&#8221; custom_margin=&#8221;-7px||44px|||&#8221; global_colors_info=&#8221;{}&#8221;][\/et_pb_button][\/et_pb_column][et_pb_column type=&#8221;1_2&#8243; _builder_version=&#8221;4.18.0&#8243; _module_preset=&#8221;default&#8221; global_colors_info=&#8221;{}&#8221;][et_pb_image src=&#8221;https:\/\/puerto-banus.com\/wp-content\/uploads\/2024\/03\/Ocean-Ecostructures-Puerto-Banus-II-Report-1.webp&#8221; alt=&#8221;MARINE BIODIVERSITY REGENERATION SYSTEM&#8221; title_text=&#8221;Ocean Ecostructures Puerto Ban\u00fas II Report&#8221; url=&#8221;https:\/\/puerto-banus.com\/wp-content\/uploads\/2024\/03\/II-Informe-Ocean-Ecostructures-Puerto-Banus.pdf&#8221; url_new_window=&#8221;on&#8221; module_class=&#8221;zoom&#8221; _builder_version=&#8221;4.24.2&#8243; _module_preset=&#8221;default&#8221; global_colors_info=&#8221;{}&#8221;][\/et_pb_image][et_pb_divider color=&#8221;#02273d&#8221; _builder_version=&#8221;4.19.3&#8243; _module_preset=&#8221;default&#8221; custom_margin=&#8221;||||false|false&#8221; global_colors_info=&#8221;{}&#8221;][\/et_pb_divider][et_pb_button button_url=&#8221;https:\/\/puerto-banus.com\/wp-content\/uploads\/2024\/03\/II-Informe-Ocean-Ecostructures-Puerto-Banus.pdf&#8221; url_new_window=&#8221;on&#8221; button_text=&#8221;DOWNLOAD&#8221; button_alignment=&#8221;center&#8221; _builder_version=&#8221;4.24.2&#8243; _module_preset=&#8221;default&#8221; custom_button=&#8221;on&#8221; button_text_size=&#8221;18px&#8221; button_text_color=&#8221;#02273d&#8221; button_bg_color=&#8221;RGBA(255,255,255,0)&#8221; button_border_width=&#8221;0px&#8221; button_border_color=&#8221;#02273d&#8221; button_font=&#8221;Montserrat|600|||||||&#8221; button_icon=&#8221;&#xe091;||divi||400&#8243; button_icon_color=&#8221;#02273d&#8221; custom_margin=&#8221;-7px||44px|||&#8221; global_colors_info=&#8221;{}&#8221;][\/et_pb_button][\/et_pb_column][\/et_pb_row][et_pb_row column_structure=&#8221;1_2,1_2&#8243; make_equal=&#8221;on&#8221; _builder_version=&#8221;4.19.3&#8243; _module_preset=&#8221;default&#8221; global_colors_info=&#8221;{}&#8221;][et_pb_column type=&#8221;1_2&#8243; _builder_version=&#8221;4.18.0&#8243; _module_preset=&#8221;default&#8221; global_colors_info=&#8221;{}&#8221;][et_pb_image src=&#8221;https:\/\/puerto-banus.com\/wp-content\/uploads\/2024\/03\/Ocean-Ecostructures-Puerto-Banus-III-Report.webp&#8221; alt=&#8221;MARINE BIODIVERSITY REGENERATION SYSTEM&#8221; title_text=&#8221;Ocean Ecostructures Puerto Ban\u00fas III Report&#8221; url=&#8221;https:\/\/puerto-banus.com\/wp-content\/uploads\/2024\/03\/III-Informe-Ocean-Ecostructures-Puerto-Banus.pdf&#8221; url_new_window=&#8221;on&#8221; module_class=&#8221;zoom&#8221; _builder_version=&#8221;4.24.2&#8243; _module_preset=&#8221;default&#8221; global_colors_info=&#8221;{}&#8221;][\/et_pb_image][et_pb_divider color=&#8221;#02273d&#8221; _builder_version=&#8221;4.19.3&#8243; _module_preset=&#8221;default&#8221; custom_margin=&#8221;||||false|false&#8221; global_colors_info=&#8221;{}&#8221;][\/et_pb_divider][et_pb_button button_url=&#8221;https:\/\/puerto-banus.com\/wp-content\/uploads\/2024\/03\/III-Informe-Ocean-Ecostructures-Puerto-Banus.pdf&#8221; url_new_window=&#8221;on&#8221; button_text=&#8221;DOWNLOAD&#8221; button_alignment=&#8221;center&#8221; _builder_version=&#8221;4.24.2&#8243; _module_preset=&#8221;default&#8221; custom_button=&#8221;on&#8221; button_text_size=&#8221;18px&#8221; button_text_color=&#8221;#02273d&#8221; button_bg_color=&#8221;RGBA(255,255,255,0)&#8221; button_border_width=&#8221;0px&#8221; button_border_color=&#8221;#02273d&#8221; button_font=&#8221;Montserrat|600|||||||&#8221; button_icon=&#8221;&#xe091;||divi||400&#8243; button_icon_color=&#8221;#02273d&#8221; custom_margin=&#8221;-7px||44px|||&#8221; global_colors_info=&#8221;{}&#8221;][\/et_pb_button][\/et_pb_column][et_pb_column type=&#8221;1_2&#8243; _builder_version=&#8221;4.18.0&#8243; _module_preset=&#8221;default&#8221; global_colors_info=&#8221;{}&#8221;][et_pb_image src=&#8221;https:\/\/puerto-banus.com\/wp-content\/uploads\/2024\/03\/Ocean-Ecostructures-Puerto-Banus-IV-Report.webp&#8221; alt=&#8221;MARINE BIODIVERSITY REGENERATION SYSTEM&#8221; title_text=&#8221;Ocean Ecostructures Puerto Ban\u00fas IV Report&#8221; url=&#8221;https:\/\/puerto-banus.com\/wp-content\/uploads\/2024\/03\/IV-Informe-Ocean-Ecostructures-Puerto-Banus.pdf&#8221; url_new_window=&#8221;on&#8221; module_class=&#8221;zoom&#8221; _builder_version=&#8221;4.24.2&#8243; _module_preset=&#8221;default&#8221; hover_enabled=&#8221;0&#8243; global_colors_info=&#8221;{}&#8221; locked=&#8221;off&#8221; sticky_enabled=&#8221;0&#8243;][\/et_pb_image][et_pb_divider color=&#8221;#02273d&#8221; _builder_version=&#8221;4.19.3&#8243; _module_preset=&#8221;default&#8221; custom_margin=&#8221;||||false|false&#8221; global_colors_info=&#8221;{}&#8221; locked=&#8221;off&#8221;][\/et_pb_divider][et_pb_button button_url=&#8221;https:\/\/puerto-banus.com\/wp-content\/uploads\/2024\/03\/IV-Informe-Ocean-Ecostructures-Puerto-Banus.pdf&#8221; url_new_window=&#8221;on&#8221; button_text=&#8221;DOWNLOAD&#8221; button_alignment=&#8221;center&#8221; _builder_version=&#8221;4.24.2&#8243; _module_preset=&#8221;default&#8221; custom_button=&#8221;on&#8221; button_text_size=&#8221;18px&#8221; button_text_color=&#8221;#02273d&#8221; button_bg_color=&#8221;RGBA(255,255,255,0)&#8221; button_border_width=&#8221;0px&#8221; button_border_color=&#8221;#02273d&#8221; button_font=&#8221;Montserrat|600|||||||&#8221; button_icon=&#8221;&#xe091;||divi||400&#8243; button_icon_color=&#8221;#02273d&#8221; custom_margin=&#8221;-7px||44px|||&#8221; hover_enabled=&#8221;0&#8243; global_colors_info=&#8221;{}&#8221; locked=&#8221;off&#8221; sticky_enabled=&#8221;0&#8243;][\/et_pb_button][\/et_pb_column][\/et_pb_row][\/et_pb_section]<\/p>\n","protected":false},"excerpt":{"rendered":"<p>MARINE BIODIVERSITY REGENERATION SYSTEM IN PUERTO BAN\u00daSIn November 2022, in collaboration with Ocean Ecostructures, we installed systems in several areas under the water in the sheltered zone, which allow the regeneration of marine biodiversity. Thus, we became the first Andalusian port to use this innovative technology, which allows us to revitalize and recycle marine infrastructure [&hellip;]<\/p>\n","protected":false},"author":409,"featured_media":41073,"parent":0,"menu_order":0,"comment_status":"closed","ping_status":"closed","template":"","meta":{"_acf_changed":false,"_et_pb_use_builder":"on","_et_pb_old_content":"","_et_gb_content_width":"","_joinchat":[],"footnotes":""},"class_list":["post-41097","page","type-page","status-publish","has-post-thumbnail","hentry"],"acf":[],"yoast_head":"<!-- This site is optimized with the Yoast SEO plugin v27.3 - https:\/\/yoast.com\/product\/yoast-seo-wordpress\/ -->\n<title>Marine Biodiversity Regeneration System | Puerto Ban\u00fas<\/title>\n<meta name=\"description\" content=\"In November 2022, in collaboration with Ocean Ecostructures, we installed systems in several areas under the water in the sheltered zone, which allow the regeneration of marine biodiversity.\" \/>\n<meta name=\"robots\" content=\"index, follow, max-snippet:-1, max-image-preview:large, max-video-preview:-1\" \/>\n<link rel=\"canonical\" href=\"https:\/\/puerto-banus.com\/en\/marine-biodiversity-regeneration-system\/\" \/>\n<meta property=\"og:locale\" content=\"en_US\" \/>\n<meta property=\"og:type\" content=\"article\" \/>\n<meta property=\"og:title\" content=\"Marine Biodiversity Regeneration System | Puerto Ban\u00fas\" \/>\n<meta property=\"og:description\" content=\"In November 2022, in collaboration with Ocean Ecostructures, we installed systems in several areas under the water in the sheltered zone, which allow the regeneration of marine biodiversity.\" \/>\n<meta property=\"og:site_name\" content=\"Puerto Ban\u00fas\" \/>\n<meta property=\"article:publisher\" content=\"https:\/\/www.facebook.com\/puertobanus\/\" \/>\n<meta property=\"article:modified_time\" content=\"2024-03-21T09:21:50+00:00\" \/>\n<meta property=\"og:image\" content=\"https:\/\/puerto-banus.com\/wp-content\/uploads\/2024\/03\/Cratena-peregrina.webp\" \/>\n\t<meta property=\"og:image:width\" content=\"917\" \/>\n\t<meta property=\"og:image:height\" content=\"400\" \/>\n\t<meta property=\"og:image:type\" content=\"image\/webp\" \/>\n<meta name=\"twitter:card\" content=\"summary_large_image\" \/>\n<meta name=\"twitter:label1\" content=\"Est. reading time\" \/>\n\t<meta name=\"twitter:data1\" content=\"2 minutes\" \/>\n<script type=\"application\/ld+json\" class=\"yoast-schema-graph\">{\"@context\":\"https:\\\/\\\/schema.org\",\"@graph\":[{\"@type\":\"WebPage\",\"@id\":\"https:\\\/\\\/puerto-banus.com\\\/en\\\/marine-biodiversity-regeneration-system\\\/\",\"url\":\"https:\\\/\\\/puerto-banus.com\\\/en\\\/marine-biodiversity-regeneration-system\\\/\",\"name\":\"Marine Biodiversity Regeneration System | Puerto Ban\u00fas\",\"isPartOf\":{\"@id\":\"https:\\\/\\\/puerto-banus.com\\\/en\\\/#website\"},\"primaryImageOfPage\":{\"@id\":\"https:\\\/\\\/puerto-banus.com\\\/en\\\/marine-biodiversity-regeneration-system\\\/#primaryimage\"},\"image\":{\"@id\":\"https:\\\/\\\/puerto-banus.com\\\/en\\\/marine-biodiversity-regeneration-system\\\/#primaryimage\"},\"thumbnailUrl\":\"https:\\\/\\\/puerto-banus.com\\\/wp-content\\\/uploads\\\/2024\\\/03\\\/Cratena-peregrina.webp\",\"datePublished\":\"2024-03-14T13:17:40+00:00\",\"dateModified\":\"2024-03-21T09:21:50+00:00\",\"description\":\"In November 2022, in collaboration with Ocean Ecostructures, we installed systems in several areas under the water in the sheltered zone, which allow the regeneration of marine biodiversity.\",\"breadcrumb\":{\"@id\":\"https:\\\/\\\/puerto-banus.com\\\/en\\\/marine-biodiversity-regeneration-system\\\/#breadcrumb\"},\"inLanguage\":\"en-US\",\"potentialAction\":[{\"@type\":\"ReadAction\",\"target\":[\"https:\\\/\\\/puerto-banus.com\\\/en\\\/marine-biodiversity-regeneration-system\\\/\"]}]},{\"@type\":\"ImageObject\",\"inLanguage\":\"en-US\",\"@id\":\"https:\\\/\\\/puerto-banus.com\\\/en\\\/marine-biodiversity-regeneration-system\\\/#primaryimage\",\"url\":\"https:\\\/\\\/puerto-banus.com\\\/wp-content\\\/uploads\\\/2024\\\/03\\\/Cratena-peregrina.webp\",\"contentUrl\":\"https:\\\/\\\/puerto-banus.com\\\/wp-content\\\/uploads\\\/2024\\\/03\\\/Cratena-peregrina.webp\",\"width\":917,\"height\":400,\"caption\":\"SISTEMA DE REGENERACI\u00d3N DE BIODIVERSIDAD\u00a0MARINA\"},{\"@type\":\"BreadcrumbList\",\"@id\":\"https:\\\/\\\/puerto-banus.com\\\/en\\\/marine-biodiversity-regeneration-system\\\/#breadcrumb\",\"itemListElement\":[{\"@type\":\"ListItem\",\"position\":1,\"name\":\"Portada\",\"item\":\"https:\\\/\\\/puerto-banus.com\\\/en\\\/\"},{\"@type\":\"ListItem\",\"position\":2,\"name\":\"Marine Biodiversity Regeneration System\"}]},{\"@type\":\"WebSite\",\"@id\":\"https:\\\/\\\/puerto-banus.com\\\/en\\\/#website\",\"url\":\"https:\\\/\\\/puerto-banus.com\\\/en\\\/\",\"name\":\"Bienvenido a la web de Puerto Ban\u00fas\",\"description\":\"Puerto Deportivo Puerto Jos\u00e9 Ban\u00fas. Descubre, Sue\u00f1a y Explora.\",\"publisher\":{\"@id\":\"https:\\\/\\\/puerto-banus.com\\\/en\\\/#organization\"},\"potentialAction\":[{\"@type\":\"SearchAction\",\"target\":{\"@type\":\"EntryPoint\",\"urlTemplate\":\"https:\\\/\\\/puerto-banus.com\\\/en\\\/?s={search_term_string}\"},\"query-input\":{\"@type\":\"PropertyValueSpecification\",\"valueRequired\":true,\"valueName\":\"search_term_string\"}}],\"inLanguage\":\"en-US\"},{\"@type\":\"Organization\",\"@id\":\"https:\\\/\\\/puerto-banus.com\\\/en\\\/#organization\",\"name\":\"Bienvenido a la web de Puerto Ban\u00fas\",\"url\":\"https:\\\/\\\/puerto-banus.com\\\/en\\\/\",\"logo\":{\"@type\":\"ImageObject\",\"inLanguage\":\"en-US\",\"@id\":\"https:\\\/\\\/puerto-banus.com\\\/en\\\/#\\\/schema\\\/logo\\\/image\\\/\",\"url\":\"https:\\\/\\\/puerto-banus.com\\\/wp-content\\\/uploads\\\/2022\\\/09\\\/favicon_150.png\",\"contentUrl\":\"https:\\\/\\\/puerto-banus.com\\\/wp-content\\\/uploads\\\/2022\\\/09\\\/favicon_150.png\",\"width\":109,\"height\":109,\"caption\":\"Bienvenido a la web de Puerto Ban\u00fas\"},\"image\":{\"@id\":\"https:\\\/\\\/puerto-banus.com\\\/en\\\/#\\\/schema\\\/logo\\\/image\\\/\"},\"sameAs\":[\"https:\\\/\\\/www.facebook.com\\\/puertobanus\\\/\",\"https:\\\/\\\/www.instagram.com\\\/puertobanusoficial\\\/\",\"https:\\\/\\\/www.linkedin.com\\\/company\\\/puerto-banus\\\/\",\"https:\\\/\\\/www.youtube.com\\\/channel\\\/UCg1L_BYRoc53if_Gx5YTyEQ\"]}]}<\/script>\n<!-- \/ Yoast SEO plugin. -->","yoast_head_json":{"title":"Marine Biodiversity Regeneration System | Puerto Ban\u00fas","description":"In November 2022, in collaboration with Ocean Ecostructures, we installed systems in several areas under the water in the sheltered zone, which allow the regeneration of marine biodiversity.","robots":{"index":"index","follow":"follow","max-snippet":"max-snippet:-1","max-image-preview":"max-image-preview:large","max-video-preview":"max-video-preview:-1"},"canonical":"https:\/\/puerto-banus.com\/en\/marine-biodiversity-regeneration-system\/","og_locale":"en_US","og_type":"article","og_title":"Marine Biodiversity Regeneration System | Puerto Ban\u00fas","og_description":"In November 2022, in collaboration with Ocean Ecostructures, we installed systems in several areas under the water in the sheltered zone, which allow the regeneration of marine biodiversity.","og_site_name":"Puerto Ban\u00fas","article_publisher":"https:\/\/www.facebook.com\/puertobanus\/","article_modified_time":"2024-03-21T09:21:50+00:00","og_image":[{"width":917,"height":400,"url":"https:\/\/puerto-banus.com\/wp-content\/uploads\/2024\/03\/Cratena-peregrina.webp","type":"image\/webp"}],"twitter_card":"summary_large_image","twitter_misc":{"Est. reading time":"2 minutes"},"schema":{"@context":"https:\/\/schema.org","@graph":[{"@type":"WebPage","@id":"https:\/\/puerto-banus.com\/en\/marine-biodiversity-regeneration-system\/","url":"https:\/\/puerto-banus.com\/en\/marine-biodiversity-regeneration-system\/","name":"Marine Biodiversity Regeneration System | Puerto Ban\u00fas","isPartOf":{"@id":"https:\/\/puerto-banus.com\/en\/#website"},"primaryImageOfPage":{"@id":"https:\/\/puerto-banus.com\/en\/marine-biodiversity-regeneration-system\/#primaryimage"},"image":{"@id":"https:\/\/puerto-banus.com\/en\/marine-biodiversity-regeneration-system\/#primaryimage"},"thumbnailUrl":"https:\/\/puerto-banus.com\/wp-content\/uploads\/2024\/03\/Cratena-peregrina.webp","datePublished":"2024-03-14T13:17:40+00:00","dateModified":"2024-03-21T09:21:50+00:00","description":"In November 2022, in collaboration with Ocean Ecostructures, we installed systems in several areas under the water in the sheltered zone, which allow the regeneration of marine biodiversity.","breadcrumb":{"@id":"https:\/\/puerto-banus.com\/en\/marine-biodiversity-regeneration-system\/#breadcrumb"},"inLanguage":"en-US","potentialAction":[{"@type":"ReadAction","target":["https:\/\/puerto-banus.com\/en\/marine-biodiversity-regeneration-system\/"]}]},{"@type":"ImageObject","inLanguage":"en-US","@id":"https:\/\/puerto-banus.com\/en\/marine-biodiversity-regeneration-system\/#primaryimage","url":"https:\/\/puerto-banus.com\/wp-content\/uploads\/2024\/03\/Cratena-peregrina.webp","contentUrl":"https:\/\/puerto-banus.com\/wp-content\/uploads\/2024\/03\/Cratena-peregrina.webp","width":917,"height":400,"caption":"SISTEMA DE REGENERACI\u00d3N DE BIODIVERSIDAD\u00a0MARINA"},{"@type":"BreadcrumbList","@id":"https:\/\/puerto-banus.com\/en\/marine-biodiversity-regeneration-system\/#breadcrumb","itemListElement":[{"@type":"ListItem","position":1,"name":"Portada","item":"https:\/\/puerto-banus.com\/en\/"},{"@type":"ListItem","position":2,"name":"Marine Biodiversity Regeneration System"}]},{"@type":"WebSite","@id":"https:\/\/puerto-banus.com\/en\/#website","url":"https:\/\/puerto-banus.com\/en\/","name":"Bienvenido a la web de Puerto Ban\u00fas","description":"Puerto Deportivo Puerto Jos\u00e9 Ban\u00fas. Descubre, Sue\u00f1a y Explora.","publisher":{"@id":"https:\/\/puerto-banus.com\/en\/#organization"},"potentialAction":[{"@type":"SearchAction","target":{"@type":"EntryPoint","urlTemplate":"https:\/\/puerto-banus.com\/en\/?s={search_term_string}"},"query-input":{"@type":"PropertyValueSpecification","valueRequired":true,"valueName":"search_term_string"}}],"inLanguage":"en-US"},{"@type":"Organization","@id":"https:\/\/puerto-banus.com\/en\/#organization","name":"Bienvenido a la web de Puerto Ban\u00fas","url":"https:\/\/puerto-banus.com\/en\/","logo":{"@type":"ImageObject","inLanguage":"en-US","@id":"https:\/\/puerto-banus.com\/en\/#\/schema\/logo\/image\/","url":"https:\/\/puerto-banus.com\/wp-content\/uploads\/2022\/09\/favicon_150.png","contentUrl":"https:\/\/puerto-banus.com\/wp-content\/uploads\/2022\/09\/favicon_150.png","width":109,"height":109,"caption":"Bienvenido a la web de Puerto Ban\u00fas"},"image":{"@id":"https:\/\/puerto-banus.com\/en\/#\/schema\/logo\/image\/"},"sameAs":["https:\/\/www.facebook.com\/puertobanus\/","https:\/\/www.instagram.com\/puertobanusoficial\/","https:\/\/www.linkedin.com\/company\/puerto-banus\/","https:\/\/www.youtube.com\/channel\/UCg1L_BYRoc53if_Gx5YTyEQ"]}]}},"_links":{"self":[{"href":"https:\/\/puerto-banus.com\/en\/wp-json\/wp\/v2\/pages\/41097","targetHints":{"allow":["GET"]}}],"collection":[{"href":"https:\/\/puerto-banus.com\/en\/wp-json\/wp\/v2\/pages"}],"about":[{"href":"https:\/\/puerto-banus.com\/en\/wp-json\/wp\/v2\/types\/page"}],"author":[{"embeddable":true,"href":"https:\/\/puerto-banus.com\/en\/wp-json\/wp\/v2\/users\/409"}],"replies":[{"embeddable":true,"href":"https:\/\/puerto-banus.com\/en\/wp-json\/wp\/v2\/comments?post=41097"}],"version-history":[{"count":0,"href":"https:\/\/puerto-banus.com\/en\/wp-json\/wp\/v2\/pages\/41097\/revisions"}],"wp:featuredmedia":[{"embeddable":true,"href":"https:\/\/puerto-banus.com\/en\/wp-json\/wp\/v2\/media\/41073"}],"wp:attachment":[{"href":"https:\/\/puerto-banus.com\/en\/wp-json\/wp\/v2\/media?parent=41097"}],"curies":[{"name":"wp","href":"https:\/\/api.w.org\/{rel}","templated":true}]}}