{"id":34661,"date":"2023-08-19T18:24:07","date_gmt":"2023-08-19T16:24:07","guid":{"rendered":"https:\/\/puerto-banus.com\/own-style\/"},"modified":"2025-11-06T13:26:50","modified_gmt":"2025-11-06T12:26:50","slug":"own-style","status":"publish","type":"page","link":"https:\/\/puerto-banus.com\/en\/own-style\/","title":{"rendered":"OWN STYLE"},"content":{"rendered":"<p>[et_pb_section fb_built=&#8221;1&#8243; next_background_color=&#8221;#02273d&#8221; admin_label=&#8221;Header&#8221; _builder_version=&#8221;4.22.1&#8243; _module_preset=&#8221;default&#8221; background_enable_color=&#8221;off&#8221; background_image=&#8221;https:\/\/puerto-banus.com\/wp-content\/uploads\/2023\/08\/OWN-STYLE-header.webp&#8221; background_blend=&#8221;multiply&#8221; min_height_tablet=&#8221;60vh&#8221; min_height_phone=&#8221;60vh&#8221; min_height_last_edited=&#8221;on|phone&#8221; height=&#8221;40vh&#8221; height_tablet=&#8221;85vh&#8221; height_phone=&#8221;85vh&#8221; height_last_edited=&#8221;on|desktop&#8221; custom_margin=&#8221;||||false|false&#8221; custom_padding=&#8221;0vw||0vw||true|false&#8221; bottom_divider_style=&#8221;arrow2&#8243; bottom_divider_height=&#8221;25px&#8221; bottom_divider_flip=&#8221;vertical&#8221; locked=&#8221;off&#8221; collapsed=&#8221;off&#8221; global_colors_info=&#8221;{}&#8221;][\/et_pb_section][et_pb_section fb_built=&#8221;1&#8243; custom_padding_last_edited=&#8221;on|phone&#8221; admin_label=&#8221;Feature&#8221; _builder_version=&#8221;4.19.1&#8243; _module_preset=&#8221;default&#8221; background_color=&#8221;#02273d&#8221; background_enable_image=&#8221;off&#8221; custom_margin=&#8221;0px||||false|false&#8221; custom_margin_tablet=&#8221;||||false|false&#8221; custom_margin_phone=&#8221;||||false|false&#8221; custom_margin_last_edited=&#8221;on|tablet&#8221; custom_padding=&#8221;0vw||0vw||true|false&#8221; custom_padding_tablet=&#8221;0vw||0vw||false|false&#8221; custom_padding_phone=&#8221;||0vw||false|false&#8221; background_last_edited=&#8221;on|desktop&#8221; use_background_color_gradient_tablet=&#8221;off&#8221; locked=&#8221;off&#8221; collapsed=&#8221;on&#8221; global_colors_info=&#8221;{}&#8221;][et_pb_row _builder_version=&#8221;4.18.0&#8243; _module_preset=&#8221;default&#8221; width=&#8221;50%&#8221; width_tablet=&#8221;80%&#8221; width_phone=&#8221;80%&#8221; width_last_edited=&#8221;on|phone&#8221; max_width=&#8221;100%&#8221; custom_padding=&#8221;||7px|||&#8221; locked=&#8221;off&#8221; global_colors_info=&#8221;{}&#8221;][et_pb_column type=&#8221;4_4&#8243; _builder_version=&#8221;4.18.0&#8243; _module_preset=&#8221;default&#8221; global_colors_info=&#8221;{}&#8221;][et_pb_text _builder_version=&#8221;4.22.1&#8243; _module_preset=&#8221;4827deed-2a92-4d97-a22f-f01067ae6873&#8243; text_font=&#8221;Open Sans||||||||&#8221; text_text_color=&#8221;#02273d&#8221; text_font_size=&#8221;16px&#8221; text_line_height=&#8221;2em&#8221; header_font=&#8221;Montserrat|300|||||||&#8221; header_text_align=&#8221;center&#8221; header_text_color=&#8221;#FFFFFF&#8221; header_font_size=&#8221;42px&#8221; header_line_height=&#8221;1.2em&#8221; header_3_font=&#8221;Montserrat|300|||||||&#8221; header_3_text_align=&#8221;justify&#8221; header_3_text_color=&#8221;#FFFFFF&#8221; header_3_font_size=&#8221;18px&#8221; header_3_line_height=&#8221;2.2em&#8221; custom_margin=&#8221;||8px||false|false&#8221; custom_margin_tablet=&#8221;1vw||8px||false|false&#8221; custom_margin_phone=&#8221;1vw||8px||false|false&#8221; custom_margin_last_edited=&#8221;on|desktop&#8221; custom_padding=&#8221;1vw||0px||false|false&#8221; custom_padding_tablet=&#8221;1vw||||false|false&#8221; custom_padding_phone=&#8221;1vw||0vw||false|false&#8221; custom_padding_last_edited=&#8221;on|phone&#8221; text_font_size_tablet=&#8221;15px&#8221; text_font_size_phone=&#8221;14px&#8221; text_font_size_last_edited=&#8221;on|phone&#8221; header_font_size_tablet=&#8221;42px&#8221; header_font_size_phone=&#8221;42px&#8221; header_font_size_last_edited=&#8221;on|phone&#8221; header_3_font_size_tablet=&#8221;14px&#8221; header_3_font_size_phone=&#8221;14px&#8221; header_3_font_size_last_edited=&#8221;on|phone&#8221; global_colors_info=&#8221;{%22gcid-e010f2a6-5bcc-4cbf-902a-b2f60822625a%22:%91%22header_4_text_color%22,%22header_4_text_color%22,%22header_4_text_color%22%93}&#8221;]<\/p>\n<h1 class=\"lead\">OWN STYLE<\/h1>\n<div id=\"gtx-trans\" style=\"position: absolute; left: 16px; top: 75.0938px;\">\n<div class=\"gtx-trans-icon\">\u00a0<\/div>\n<\/div>\n<p>[\/et_pb_text][et_pb_text _builder_version=&#8221;4.22.1&#8243; _module_preset=&#8221;4827deed-2a92-4d97-a22f-f01067ae6873&#8243; text_font=&#8221;Open Sans||||||||&#8221; text_text_color=&#8221;#02273d&#8221; text_font_size=&#8221;16px&#8221; text_line_height=&#8221;2em&#8221; header_font=&#8221;Montserrat|300|||||||&#8221; header_text_align=&#8221;center&#8221; header_text_color=&#8221;#FFFFFF&#8221; header_font_size=&#8221;42px&#8221; header_line_height=&#8221;1.2em&#8221; header_3_font=&#8221;RoadRadio|300|||||||&#8221; header_3_text_align=&#8221;center&#8221; header_3_text_color=&#8221;#FFFFFF&#8221; header_3_font_size=&#8221;25px&#8221; header_3_line_height=&#8221;2.2em&#8221; custom_margin=&#8221;-1vw||1vw||false|false&#8221; custom_margin_tablet=&#8221;-2vw||2vw||false|false&#8221; custom_margin_phone=&#8221;1vw||5vw||false|false&#8221; custom_margin_last_edited=&#8221;on|phone&#8221; custom_padding=&#8221;1vw||0px||false|false&#8221; custom_padding_tablet=&#8221;1vw||||false|false&#8221; custom_padding_phone=&#8221;1vw||0vw||false|false&#8221; custom_padding_last_edited=&#8221;on|phone&#8221; link_option_url=&#8221;tel:952781370&#8243; text_font_size_tablet=&#8221;15px&#8221; text_font_size_phone=&#8221;14px&#8221; text_font_size_last_edited=&#8221;on|phone&#8221; header_font_size_tablet=&#8221;42px&#8221; header_font_size_phone=&#8221;42px&#8221; header_font_size_last_edited=&#8221;on|phone&#8221; header_3_font_size_tablet=&#8221;25px&#8221; header_3_font_size_phone=&#8221;19px&#8221; header_3_font_size_last_edited=&#8221;on|phone&#8221; global_colors_info=&#8221;{%22gcid-e010f2a6-5bcc-4cbf-902a-b2f60822625a%22:%91%22header_4_text_color%22,%22header_4_text_color%22,%22header_4_text_color%22%93}&#8221;]<\/p>\n<h3 class=\"lead\"><img decoding=\"async\" class=\"wp-image-5558 alignnone size-full\" src=\"https:\/\/puerto-banus.com\/wp-content\/uploads\/2022\/12\/llamada-telefonica1.png\" alt=\"\" width=\"30\" height=\"30\" \/> <a href=\"tel:952781370\">952 781 370<\/a><\/h3>\n<p>[\/et_pb_text][\/et_pb_column][\/et_pb_row][\/et_pb_section][et_pb_section fb_built=&#8221;1&#8243; custom_padding_last_edited=&#8221;on|phone&#8221; prev_background_color=&#8221;#02273d&#8221; admin_label=&#8221;Blog&#8221; _builder_version=&#8221;4.19.1&#8243; overflow-x=&#8221;hidden&#8221; custom_padding=&#8221;5vw||4vw||false|false&#8221; custom_padding_tablet=&#8221;10vw||||false|false&#8221; custom_padding_phone=&#8221;15vw||1vw||false|false&#8221; top_divider_style=&#8221;arrow2&#8243; top_divider_height=&#8221;25px&#8221; global_colors_info=&#8221;{}&#8221;][et_pb_row _builder_version=&#8221;4.19.1&#8243; width=&#8221;30%&#8221; width_tablet=&#8221;80%&#8221; width_phone=&#8221;80%&#8221; width_last_edited=&#8221;on|phone&#8221; max_width=&#8221;100%&#8221; custom_margin_tablet=&#8221;0px||||false|false&#8221; custom_margin_phone=&#8221;0px||||false|false&#8221; custom_margin_last_edited=&#8221;on|desktop&#8221; custom_padding=&#8221;||30px|||&#8221; global_colors_info=&#8221;{}&#8221;][et_pb_column type=&#8221;4_4&#8243; _builder_version=&#8221;4.16&#8243; z_index=&#8221;11&#8243; global_colors_info=&#8221;{}&#8221;][et_pb_text _builder_version=&#8221;4.22.1&#8243; _module_preset=&#8221;default&#8221; text_font=&#8221;Open Sans||||||||&#8221; text_text_color=&#8221;#02273d&#8221; text_font_size=&#8221;16px&#8221; text_line_height=&#8221;2em&#8221; header_2_font=&#8221;Montserrat|300|||||||&#8221; header_2_text_align=&#8221;center&#8221; header_2_text_color=&#8221;#02273d&#8221; header_2_font_size=&#8221;14px&#8221; header_2_line_height=&#8221;1.4em&#8221; header_3_font=&#8221;Montserrat|300|||||||&#8221; header_3_text_align=&#8221;justify&#8221; header_3_text_color=&#8221;#02273d&#8221; header_3_font_size=&#8221;18px&#8221; header_3_line_height=&#8221;2.2em&#8221; custom_margin=&#8221;||8px||false|false&#8221; text_font_size_tablet=&#8221;15px&#8221; text_font_size_phone=&#8221;14px&#8221; text_font_size_last_edited=&#8221;on|phone&#8221; header_3_font_size_tablet=&#8221;14px&#8221; header_3_font_size_phone=&#8221;14px&#8221; header_3_font_size_last_edited=&#8221;on|desktop&#8221; global_colors_info=&#8221;{}&#8221;]<\/p>\n<h2><strong>Your urban store in the heart of Puerto Ban\u00fas.<\/strong><\/h2>\n<h2>We bring you the finest national and international streetwear brands, the freshest drops, and standout collections each season\u2014so you&#8217;re always ahead of the curve. <br \/>At Own Style, we walk beside you, helping you shape a look that\u2019s entirely your own.<\/h2>\n<div id=\"gtx-trans\" style=\"position: absolute; left: 9px; top: 7.57812px;\">\n<div class=\"gtx-trans-icon\">\u00a0<\/div>\n<\/div>\n<p>[\/et_pb_text][et_pb_divider color=&#8221;rgba(16,39,61,0.29)&#8221; divider_style=&#8221;groove&#8221; _builder_version=&#8221;4.19.1&#8243; _module_preset=&#8221;default&#8221; custom_margin=&#8221;0vw||||false|false&#8221; custom_margin_tablet=&#8221;3vw||||false|false&#8221; custom_margin_phone=&#8221;7vw||||false|false&#8221; custom_margin_last_edited=&#8221;on|phone&#8221; custom_padding=&#8221;0.5vw||||false|false&#8221; custom_padding_tablet=&#8221;0.5vw||||false|false&#8221; custom_padding_phone=&#8221;0.5vw||||false|false&#8221; custom_padding_last_edited=&#8221;on|tablet&#8221; global_colors_info=&#8221;{}&#8221;][\/et_pb_divider][et_pb_text _builder_version=&#8221;4.22.1&#8243; _module_preset=&#8221;default&#8221; text_font=&#8221;Open Sans||||||||&#8221; text_text_color=&#8221;#02273d&#8221; text_font_size=&#8221;16px&#8221; text_line_height=&#8221;2em&#8221; header_2_font=&#8221;Montserrat|300|||||||&#8221; header_2_text_align=&#8221;center&#8221; header_2_text_color=&#8221;#02273d&#8221; header_2_font_size=&#8221;14px&#8221; header_2_line_height=&#8221;1.4em&#8221; header_3_font=&#8221;Montserrat|300|||||||&#8221; header_3_text_align=&#8221;justify&#8221; header_3_text_color=&#8221;#02273d&#8221; header_3_font_size=&#8221;18px&#8221; header_3_line_height=&#8221;2.2em&#8221; custom_margin=&#8221;||8px||false|false&#8221; text_font_size_tablet=&#8221;15px&#8221; text_font_size_phone=&#8221;14px&#8221; text_font_size_last_edited=&#8221;on|phone&#8221; header_3_font_size_tablet=&#8221;14px&#8221; header_3_font_size_phone=&#8221;14px&#8221; header_3_font_size_last_edited=&#8221;on|desktop&#8221; global_colors_info=&#8221;{}&#8221;]<\/p>\n<h2 style=\"text-align: center;\"><strong>Schedule<\/strong><\/h2>\n<h2 style=\"text-align: center;\">Summer hours: Monday- Sunday 11:00-21:00<\/h2>\n<h2 style=\"text-align: center;\">Winter hours: Monday- Sunday 11:00-21:00<\/h2>\n<p style=\"text-align: center;\">\u00a0<\/p>\n<h2 style=\"text-align: center;\">*Opening hours are subject to change in winter.<\/h2>\n<p>[\/et_pb_text][et_pb_divider color=&#8221;rgba(16,39,61,0.29)&#8221; divider_style=&#8221;groove&#8221; _builder_version=&#8221;4.19.1&#8243; _module_preset=&#8221;default&#8221; custom_margin=&#8221;0vw||||false|false&#8221; custom_margin_tablet=&#8221;3vw||||false|false&#8221; custom_margin_phone=&#8221;7vw||||false|false&#8221; custom_margin_last_edited=&#8221;on|phone&#8221; custom_padding=&#8221;0.5vw||||false|false&#8221; custom_padding_tablet=&#8221;0.5vw||||false|false&#8221; custom_padding_phone=&#8221;0.5vw||||false|false&#8221; custom_padding_last_edited=&#8221;on|tablet&#8221; global_colors_info=&#8221;{}&#8221;][\/et_pb_divider][et_pb_text _builder_version=&#8221;4.22.2&#8243; _module_preset=&#8221;default&#8221; text_font=&#8221;Open Sans||||||||&#8221; text_text_color=&#8221;#02273d&#8221; text_font_size=&#8221;16px&#8221; text_line_height=&#8221;2em&#8221; header_2_font=&#8221;Montserrat|300|||||||&#8221; header_2_text_align=&#8221;center&#8221; header_2_text_color=&#8221;#02273d&#8221; header_2_font_size=&#8221;14px&#8221; header_2_line_height=&#8221;1.4em&#8221; header_3_font=&#8221;Montserrat|300|||||||&#8221; header_3_text_align=&#8221;justify&#8221; header_3_text_color=&#8221;#02273d&#8221; header_3_font_size=&#8221;18px&#8221; header_3_line_height=&#8221;2.2em&#8221; custom_margin=&#8221;||8px||false|false&#8221; text_font_size_tablet=&#8221;15px&#8221; text_font_size_phone=&#8221;14px&#8221; text_font_size_last_edited=&#8221;on|phone&#8221; header_3_font_size_tablet=&#8221;14px&#8221; header_3_font_size_phone=&#8221;14px&#8221; header_3_font_size_last_edited=&#8221;on|desktop&#8221; global_colors_info=&#8221;{}&#8221;]<\/p>\n<h2 style=\"text-align: center;\">Muelle de Ribera<\/h2>\n<h2 style=\"text-align: center;\">29660 Marbella, Puerto Ban\u00fas<\/h2>\n<p>&nbsp;<\/p>\n<h2 style=\"text-align: center;\"><strong><a href=\"https:\/\/ownstylebanus.com\/\">ownstylebanus.com<\/a><\/strong><\/h2>\n<div id=\"gtx-trans\" style=\"position: absolute; left: 428px; top: 233.109px;\">\n<div class=\"gtx-trans-icon\">\u00a0<\/div>\n<\/div>\n<p>[\/et_pb_text][et_pb_divider color=&#8221;rgba(16,39,61,0.29)&#8221; divider_style=&#8221;groove&#8221; _builder_version=&#8221;4.19.1&#8243; _module_preset=&#8221;default&#8221; custom_margin=&#8221;0vw||||false|false&#8221; custom_margin_tablet=&#8221;3vw||||false|false&#8221; custom_margin_phone=&#8221;7vw||||false|false&#8221; custom_margin_last_edited=&#8221;on|phone&#8221; custom_padding=&#8221;0.5vw||||false|false&#8221; custom_padding_tablet=&#8221;0.5vw||||false|false&#8221; custom_padding_phone=&#8221;0.5vw||||false|false&#8221; custom_padding_last_edited=&#8221;on|tablet&#8221; global_colors_info=&#8221;{}&#8221;][\/et_pb_divider][et_pb_button button_url=&#8221;@ET-DC@eyJkeW5hbWljIjp0cnVlLCJjb250ZW50IjoicG9zdF9saW5rX3VybF9wYWdlIiwic2V0dGluZ3MiOnsicG9zdF9pZCI6IjM1MDYifX0=@&#8221; button_text=&#8221;SEE ALL&#8221; button_alignment=&#8221;center&#8221; _builder_version=&#8221;4.19.1&#8243; _dynamic_attributes=&#8221;button_url&#8221; _module_preset=&#8221;default&#8221; custom_button=&#8221;on&#8221; button_text_size=&#8221;14px&#8221; button_text_color=&#8221;#10273D&#8221; button_bg_color=&#8221;#FFFFFF&#8221; button_border_width=&#8221;1px&#8221; button_border_color=&#8221;#02273d&#8221; button_border_radius=&#8221;1px&#8221; button_font=&#8221;Montserrat|300|||||||&#8221; button_icon=&#8221;&#xf053;||fa||900&#8243; button_icon_color=&#8221;#10273D&#8221; button_icon_placement=&#8221;left&#8221; background_layout=&#8221;dark&#8221; custom_margin=&#8221;1vw||44px||false|false&#8221; custom_margin_tablet=&#8221;4vw||||false|false&#8221; custom_margin_phone=&#8221;4vw||||false|false&#8221; custom_margin_last_edited=&#8221;on|phone&#8221; button_text_size_tablet=&#8221;14px&#8221; button_text_size_phone=&#8221;14px&#8221; button_text_size_last_edited=&#8221;on|tablet&#8221; global_colors_info=&#8221;{}&#8221;][\/et_pb_button][\/et_pb_column][\/et_pb_row][et_pb_row _builder_version=&#8221;4.22.2&#8243; _module_preset=&#8221;default&#8221; locked=&#8221;off&#8221; global_colors_info=&#8221;{}&#8221;][et_pb_column type=&#8221;4_4&#8243; _builder_version=&#8221;4.22.2&#8243; _module_preset=&#8221;default&#8221; global_colors_info=&#8221;{}&#8221;][et_pb_text _builder_version=&#8221;4.24.3&#8243; _module_preset=&#8221;default&#8221; global_colors_info=&#8221;{}&#8221;]<mapplic-map data-location=\"73-own-style\" data-json=\"https:\/\/mapplic.com\/getMapData?id=PzUYJjrOTW7ElLZGFDV1\"><script type=\"text\/javascript\" id=\"mapplic-script\" src=\"https:\/\/mapplic.com\/mapplic.js\"><\/script><\/mapplic-map>[\/et_pb_text][\/et_pb_column][\/et_pb_row][\/et_pb_section]<\/p>\n","protected":false},"excerpt":{"rendered":"<p>OWN STYLE \u00a0 952 781 370Your urban store in the heart of Puerto Ban\u00fas. We bring you the finest national and international streetwear brands, the freshest drops, and standout collections each season\u2014so you&#8217;re always ahead of the curve. At Own Style, we walk beside you, helping you shape a look that\u2019s entirely your own. \u00a0 [&hellip;]<\/p>\n","protected":false},"author":409,"featured_media":0,"parent":0,"menu_order":0,"comment_status":"closed","ping_status":"closed","template":"","meta":{"_acf_changed":false,"_et_pb_use_builder":"on","_et_pb_old_content":"","_et_gb_content_width":"","_joinchat":[],"footnotes":""},"class_list":["post-34661","page","type-page","status-publish","hentry"],"acf":[],"yoast_head":"<!-- This site is optimized with the Yoast SEO plugin v27.4 - https:\/\/yoast.com\/product\/yoast-seo-wordpress\/ -->\n<title>OWN STYLE | Puerto Ban\u00fas<\/title>\n<meta name=\"description\" content=\"Own Style in Puerto Ban\u00fas, Marbella\u2014contemporary fashion and accessories with Mediterranean flair. Discover new arrivals and seasonal edits at our marina store.\" \/>\n<meta name=\"robots\" content=\"index, follow, max-snippet:-1, max-image-preview:large, max-video-preview:-1\" \/>\n<link rel=\"canonical\" href=\"https:\/\/puerto-banus.com\/en\/own-style\/\" \/>\n<meta property=\"og:locale\" content=\"en_US\" \/>\n<meta property=\"og:type\" content=\"article\" \/>\n<meta property=\"og:title\" content=\"OWN STYLE | Puerto Ban\u00fas\" \/>\n<meta property=\"og:description\" content=\"Own Style in Puerto Ban\u00fas, Marbella\u2014contemporary fashion and accessories with Mediterranean flair. Discover new arrivals and seasonal edits at our marina store.\" \/>\n<meta property=\"og:site_name\" content=\"Puerto Ban\u00fas\" \/>\n<meta property=\"article:publisher\" content=\"https:\/\/www.facebook.com\/puertobanus\/\" \/>\n<meta property=\"article:modified_time\" content=\"2025-11-06T12:26:50+00:00\" \/>\n<meta property=\"og:image\" content=\"https:\/\/puerto-banus.com\/wp-content\/uploads\/2022\/12\/llamada-telefonica1.png\" \/>\n\t<meta property=\"og:image:width\" content=\"512\" \/>\n\t<meta property=\"og:image:height\" content=\"512\" \/>\n\t<meta property=\"og:image:type\" content=\"image\/png\" \/>\n<meta name=\"twitter:card\" content=\"summary_large_image\" \/>\n<meta name=\"twitter:label1\" content=\"Est. reading time\" \/>\n\t<meta name=\"twitter:data1\" content=\"1 minute\" \/>\n<script type=\"application\/ld+json\" class=\"yoast-schema-graph\">{\"@context\":\"https:\\\/\\\/schema.org\",\"@graph\":[{\"@type\":\"WebPage\",\"@id\":\"https:\\\/\\\/puerto-banus.com\\\/en\\\/own-style\\\/\",\"url\":\"https:\\\/\\\/puerto-banus.com\\\/en\\\/own-style\\\/\",\"name\":\"OWN STYLE | Puerto Ban\u00fas\",\"isPartOf\":{\"@id\":\"https:\\\/\\\/puerto-banus.com\\\/en\\\/#website\"},\"primaryImageOfPage\":{\"@id\":\"https:\\\/\\\/puerto-banus.com\\\/en\\\/own-style\\\/#primaryimage\"},\"image\":{\"@id\":\"https:\\\/\\\/puerto-banus.com\\\/en\\\/own-style\\\/#primaryimage\"},\"thumbnailUrl\":\"https:\\\/\\\/puerto-banus.com\\\/wp-content\\\/uploads\\\/2022\\\/12\\\/llamada-telefonica1.png\",\"datePublished\":\"2023-08-19T16:24:07+00:00\",\"dateModified\":\"2025-11-06T12:26:50+00:00\",\"description\":\"Own Style in Puerto Ban\u00fas, Marbella\u2014contemporary fashion and accessories with Mediterranean flair. Discover new arrivals and seasonal edits at our marina store.\",\"breadcrumb\":{\"@id\":\"https:\\\/\\\/puerto-banus.com\\\/en\\\/own-style\\\/#breadcrumb\"},\"inLanguage\":\"en-US\",\"potentialAction\":[{\"@type\":\"ReadAction\",\"target\":[\"https:\\\/\\\/puerto-banus.com\\\/en\\\/own-style\\\/\"]}]},{\"@type\":\"ImageObject\",\"inLanguage\":\"en-US\",\"@id\":\"https:\\\/\\\/puerto-banus.com\\\/en\\\/own-style\\\/#primaryimage\",\"url\":\"https:\\\/\\\/puerto-banus.com\\\/wp-content\\\/uploads\\\/2022\\\/12\\\/llamada-telefonica1.png\",\"contentUrl\":\"https:\\\/\\\/puerto-banus.com\\\/wp-content\\\/uploads\\\/2022\\\/12\\\/llamada-telefonica1.png\"},{\"@type\":\"BreadcrumbList\",\"@id\":\"https:\\\/\\\/puerto-banus.com\\\/en\\\/own-style\\\/#breadcrumb\",\"itemListElement\":[{\"@type\":\"ListItem\",\"position\":1,\"name\":\"Portada\",\"item\":\"https:\\\/\\\/puerto-banus.com\\\/en\\\/\"},{\"@type\":\"ListItem\",\"position\":2,\"name\":\"OWN STYLE\"}]},{\"@type\":\"WebSite\",\"@id\":\"https:\\\/\\\/puerto-banus.com\\\/en\\\/#website\",\"url\":\"https:\\\/\\\/puerto-banus.com\\\/en\\\/\",\"name\":\"Bienvenido a la web de Puerto Ban\u00fas\",\"description\":\"Puerto Deportivo Puerto Jos\u00e9 Ban\u00fas. Descubre, Sue\u00f1a y Explora.\",\"publisher\":{\"@id\":\"https:\\\/\\\/puerto-banus.com\\\/en\\\/#organization\"},\"potentialAction\":[{\"@type\":\"SearchAction\",\"target\":{\"@type\":\"EntryPoint\",\"urlTemplate\":\"https:\\\/\\\/puerto-banus.com\\\/en\\\/?s={search_term_string}\"},\"query-input\":{\"@type\":\"PropertyValueSpecification\",\"valueRequired\":true,\"valueName\":\"search_term_string\"}}],\"inLanguage\":\"en-US\"},{\"@type\":\"Organization\",\"@id\":\"https:\\\/\\\/puerto-banus.com\\\/en\\\/#organization\",\"name\":\"Bienvenido a la web de Puerto Ban\u00fas\",\"url\":\"https:\\\/\\\/puerto-banus.com\\\/en\\\/\",\"logo\":{\"@type\":\"ImageObject\",\"inLanguage\":\"en-US\",\"@id\":\"https:\\\/\\\/puerto-banus.com\\\/en\\\/#\\\/schema\\\/logo\\\/image\\\/\",\"url\":\"https:\\\/\\\/puerto-banus.com\\\/wp-content\\\/uploads\\\/2022\\\/09\\\/favicon_150.png\",\"contentUrl\":\"https:\\\/\\\/puerto-banus.com\\\/wp-content\\\/uploads\\\/2022\\\/09\\\/favicon_150.png\",\"width\":109,\"height\":109,\"caption\":\"Bienvenido a la web de Puerto Ban\u00fas\"},\"image\":{\"@id\":\"https:\\\/\\\/puerto-banus.com\\\/en\\\/#\\\/schema\\\/logo\\\/image\\\/\"},\"sameAs\":[\"https:\\\/\\\/www.facebook.com\\\/puertobanus\\\/\",\"https:\\\/\\\/www.instagram.com\\\/puertobanusoficial\\\/\",\"https:\\\/\\\/www.linkedin.com\\\/company\\\/puerto-banus\\\/\",\"https:\\\/\\\/www.youtube.com\\\/channel\\\/UCg1L_BYRoc53if_Gx5YTyEQ\"]}]}<\/script>\n<!-- \/ Yoast SEO plugin. -->","yoast_head_json":{"title":"OWN STYLE | Puerto Ban\u00fas","description":"Own Style in Puerto Ban\u00fas, Marbella\u2014contemporary fashion and accessories with Mediterranean flair. Discover new arrivals and seasonal edits at our marina store.","robots":{"index":"index","follow":"follow","max-snippet":"max-snippet:-1","max-image-preview":"max-image-preview:large","max-video-preview":"max-video-preview:-1"},"canonical":"https:\/\/puerto-banus.com\/en\/own-style\/","og_locale":"en_US","og_type":"article","og_title":"OWN STYLE | Puerto Ban\u00fas","og_description":"Own Style in Puerto Ban\u00fas, Marbella\u2014contemporary fashion and accessories with Mediterranean flair. Discover new arrivals and seasonal edits at our marina store.","og_site_name":"Puerto Ban\u00fas","article_publisher":"https:\/\/www.facebook.com\/puertobanus\/","article_modified_time":"2025-11-06T12:26:50+00:00","og_image":[{"width":512,"height":512,"url":"https:\/\/puerto-banus.com\/wp-content\/uploads\/2022\/12\/llamada-telefonica1.png","type":"image\/png"}],"twitter_card":"summary_large_image","twitter_misc":{"Est. reading time":"1 minute"},"schema":{"@context":"https:\/\/schema.org","@graph":[{"@type":"WebPage","@id":"https:\/\/puerto-banus.com\/en\/own-style\/","url":"https:\/\/puerto-banus.com\/en\/own-style\/","name":"OWN STYLE | Puerto Ban\u00fas","isPartOf":{"@id":"https:\/\/puerto-banus.com\/en\/#website"},"primaryImageOfPage":{"@id":"https:\/\/puerto-banus.com\/en\/own-style\/#primaryimage"},"image":{"@id":"https:\/\/puerto-banus.com\/en\/own-style\/#primaryimage"},"thumbnailUrl":"https:\/\/puerto-banus.com\/wp-content\/uploads\/2022\/12\/llamada-telefonica1.png","datePublished":"2023-08-19T16:24:07+00:00","dateModified":"2025-11-06T12:26:50+00:00","description":"Own Style in Puerto Ban\u00fas, Marbella\u2014contemporary fashion and accessories with Mediterranean flair. Discover new arrivals and seasonal edits at our marina store.","breadcrumb":{"@id":"https:\/\/puerto-banus.com\/en\/own-style\/#breadcrumb"},"inLanguage":"en-US","potentialAction":[{"@type":"ReadAction","target":["https:\/\/puerto-banus.com\/en\/own-style\/"]}]},{"@type":"ImageObject","inLanguage":"en-US","@id":"https:\/\/puerto-banus.com\/en\/own-style\/#primaryimage","url":"https:\/\/puerto-banus.com\/wp-content\/uploads\/2022\/12\/llamada-telefonica1.png","contentUrl":"https:\/\/puerto-banus.com\/wp-content\/uploads\/2022\/12\/llamada-telefonica1.png"},{"@type":"BreadcrumbList","@id":"https:\/\/puerto-banus.com\/en\/own-style\/#breadcrumb","itemListElement":[{"@type":"ListItem","position":1,"name":"Portada","item":"https:\/\/puerto-banus.com\/en\/"},{"@type":"ListItem","position":2,"name":"OWN STYLE"}]},{"@type":"WebSite","@id":"https:\/\/puerto-banus.com\/en\/#website","url":"https:\/\/puerto-banus.com\/en\/","name":"Bienvenido a la web de Puerto Ban\u00fas","description":"Puerto Deportivo Puerto Jos\u00e9 Ban\u00fas. Descubre, Sue\u00f1a y Explora.","publisher":{"@id":"https:\/\/puerto-banus.com\/en\/#organization"},"potentialAction":[{"@type":"SearchAction","target":{"@type":"EntryPoint","urlTemplate":"https:\/\/puerto-banus.com\/en\/?s={search_term_string}"},"query-input":{"@type":"PropertyValueSpecification","valueRequired":true,"valueName":"search_term_string"}}],"inLanguage":"en-US"},{"@type":"Organization","@id":"https:\/\/puerto-banus.com\/en\/#organization","name":"Bienvenido a la web de Puerto Ban\u00fas","url":"https:\/\/puerto-banus.com\/en\/","logo":{"@type":"ImageObject","inLanguage":"en-US","@id":"https:\/\/puerto-banus.com\/en\/#\/schema\/logo\/image\/","url":"https:\/\/puerto-banus.com\/wp-content\/uploads\/2022\/09\/favicon_150.png","contentUrl":"https:\/\/puerto-banus.com\/wp-content\/uploads\/2022\/09\/favicon_150.png","width":109,"height":109,"caption":"Bienvenido a la web de Puerto Ban\u00fas"},"image":{"@id":"https:\/\/puerto-banus.com\/en\/#\/schema\/logo\/image\/"},"sameAs":["https:\/\/www.facebook.com\/puertobanus\/","https:\/\/www.instagram.com\/puertobanusoficial\/","https:\/\/www.linkedin.com\/company\/puerto-banus\/","https:\/\/www.youtube.com\/channel\/UCg1L_BYRoc53if_Gx5YTyEQ"]}]}},"_links":{"self":[{"href":"https:\/\/puerto-banus.com\/en\/wp-json\/wp\/v2\/pages\/34661","targetHints":{"allow":["GET"]}}],"collection":[{"href":"https:\/\/puerto-banus.com\/en\/wp-json\/wp\/v2\/pages"}],"about":[{"href":"https:\/\/puerto-banus.com\/en\/wp-json\/wp\/v2\/types\/page"}],"author":[{"embeddable":true,"href":"https:\/\/puerto-banus.com\/en\/wp-json\/wp\/v2\/users\/409"}],"replies":[{"embeddable":true,"href":"https:\/\/puerto-banus.com\/en\/wp-json\/wp\/v2\/comments?post=34661"}],"version-history":[{"count":1,"href":"https:\/\/puerto-banus.com\/en\/wp-json\/wp\/v2\/pages\/34661\/revisions"}],"predecessor-version":[{"id":48992,"href":"https:\/\/puerto-banus.com\/en\/wp-json\/wp\/v2\/pages\/34661\/revisions\/48992"}],"wp:attachment":[{"href":"https:\/\/puerto-banus.com\/en\/wp-json\/wp\/v2\/media?parent=34661"}],"curies":[{"name":"wp","href":"https:\/\/api.w.org\/{rel}","templated":true}]}}