{"id":30917,"date":"2022-12-01T11:54:48","date_gmt":"2022-12-01T10:54:48","guid":{"rendered":"https:\/\/makainch.com\/bottega-veneta\/"},"modified":"2025-11-06T11:31:49","modified_gmt":"2025-11-06T10:31:49","slug":"bottega-veneta","status":"publish","type":"page","link":"https:\/\/puerto-banus.com\/en\/bottega-veneta\/","title":{"rendered":"Bottega Veneta"},"content":{"rendered":"<p>[et_pb_section fb_built=&#8221;1&#8243; next_background_color=&#8221;#02273d&#8221; admin_label=&#8221;Header&#8221; _builder_version=&#8221;4.19.2&#8243; _module_preset=&#8221;default&#8221; background_enable_color=&#8221;off&#8221; background_image=&#8221;https:\/\/puerto-banus.com\/wp-content\/uploads\/2022\/12\/bottegaveneta-shopping-puerto-banus.jpg&#8221; background_blend=&#8221;multiply&#8221; min_height_tablet=&#8221;60vh&#8221; min_height_phone=&#8221;60vh&#8221; min_height_last_edited=&#8221;on|phone&#8221; height=&#8221;40vh&#8221; height_tablet=&#8221;85vh&#8221; height_phone=&#8221;85vh&#8221; height_last_edited=&#8221;on|desktop&#8221; custom_margin=&#8221;||||false|false&#8221; custom_padding=&#8221;0vw||0vw||true|false&#8221; bottom_divider_style=&#8221;arrow2&#8243; bottom_divider_height=&#8221;25px&#8221; bottom_divider_flip=&#8221;vertical&#8221; locked=&#8221;off&#8221; collapsed=&#8221;off&#8221; global_colors_info=&#8221;{}&#8221;][\/et_pb_section][et_pb_section fb_built=&#8221;1&#8243; custom_padding_last_edited=&#8221;on|phone&#8221; admin_label=&#8221;Feature&#8221; _builder_version=&#8221;4.19.1&#8243; _module_preset=&#8221;default&#8221; background_color=&#8221;#02273d&#8221; background_enable_image=&#8221;off&#8221; custom_margin=&#8221;0px||||false|false&#8221; custom_margin_tablet=&#8221;||||false|false&#8221; custom_margin_phone=&#8221;||||false|false&#8221; custom_margin_last_edited=&#8221;on|tablet&#8221; custom_padding=&#8221;0vw||0vw||true|false&#8221; custom_padding_tablet=&#8221;0vw||0vw||false|false&#8221; custom_padding_phone=&#8221;||0vw||false|false&#8221; background_last_edited=&#8221;on|desktop&#8221; use_background_color_gradient_tablet=&#8221;off&#8221; locked=&#8221;off&#8221; collapsed=&#8221;on&#8221; global_colors_info=&#8221;{}&#8221;][et_pb_row _builder_version=&#8221;4.18.0&#8243; _module_preset=&#8221;default&#8221; width=&#8221;50%&#8221; width_tablet=&#8221;80%&#8221; width_phone=&#8221;80%&#8221; width_last_edited=&#8221;on|phone&#8221; max_width=&#8221;100%&#8221; custom_padding=&#8221;||7px|||&#8221; locked=&#8221;off&#8221; global_colors_info=&#8221;{}&#8221;][et_pb_column type=&#8221;4_4&#8243; _builder_version=&#8221;4.18.0&#8243; _module_preset=&#8221;default&#8221; global_colors_info=&#8221;{}&#8221;][et_pb_text _builder_version=&#8221;4.19.2&#8243; _module_preset=&#8221;4827deed-2a92-4d97-a22f-f01067ae6873&#8243; text_font=&#8221;Open Sans||||||||&#8221; text_text_color=&#8221;#02273d&#8221; text_font_size=&#8221;16px&#8221; text_line_height=&#8221;2em&#8221; header_font=&#8221;Montserrat|300|||||||&#8221; header_text_align=&#8221;center&#8221; header_text_color=&#8221;#FFFFFF&#8221; header_font_size=&#8221;42px&#8221; header_line_height=&#8221;1.2em&#8221; header_3_font=&#8221;Montserrat|300|||||||&#8221; header_3_text_align=&#8221;justify&#8221; header_3_text_color=&#8221;#FFFFFF&#8221; header_3_font_size=&#8221;18px&#8221; header_3_line_height=&#8221;2.2em&#8221; custom_margin=&#8221;||8px||false|false&#8221; custom_margin_tablet=&#8221;1vw||8px||false|false&#8221; custom_margin_phone=&#8221;1vw||8px||false|false&#8221; custom_margin_last_edited=&#8221;on|desktop&#8221; custom_padding=&#8221;1vw||0px||false|false&#8221; custom_padding_tablet=&#8221;1vw||||false|false&#8221; custom_padding_phone=&#8221;1vw||0vw||false|false&#8221; custom_padding_last_edited=&#8221;on|phone&#8221; text_font_size_tablet=&#8221;15px&#8221; text_font_size_phone=&#8221;14px&#8221; text_font_size_last_edited=&#8221;on|phone&#8221; header_font_size_tablet=&#8221;42px&#8221; header_font_size_phone=&#8221;42px&#8221; header_font_size_last_edited=&#8221;on|phone&#8221; header_3_font_size_tablet=&#8221;14px&#8221; header_3_font_size_phone=&#8221;14px&#8221; header_3_font_size_last_edited=&#8221;on|phone&#8221; global_colors_info=&#8221;{%22gcid-e010f2a6-5bcc-4cbf-902a-b2f60822625a%22:%91%22header_4_text_color%22,%22header_4_text_color%22,%22header_4_text_color%22%93}&#8221;]<\/p>\n<h1 class=\"lead\">BOTTEGA VENETA<\/h1>\n<p>[\/et_pb_text][et_pb_text _builder_version=&#8221;4.22.0&#8243; _module_preset=&#8221;4827deed-2a92-4d97-a22f-f01067ae6873&#8243; text_font=&#8221;Open Sans||||||||&#8221; text_text_color=&#8221;#02273d&#8221; text_font_size=&#8221;16px&#8221; text_line_height=&#8221;2em&#8221; header_font=&#8221;Montserrat|300|||||||&#8221; header_text_align=&#8221;center&#8221; header_text_color=&#8221;#FFFFFF&#8221; header_font_size=&#8221;42px&#8221; header_line_height=&#8221;1.2em&#8221; header_3_font=&#8221;RoadRadio|300|||||||&#8221; header_3_text_align=&#8221;center&#8221; header_3_text_color=&#8221;#FFFFFF&#8221; header_3_font_size=&#8221;25px&#8221; header_3_line_height=&#8221;2.2em&#8221; custom_margin=&#8221;-1vw||1vw||false|false&#8221; custom_margin_tablet=&#8221;-2vw||2vw||false|false&#8221; custom_margin_phone=&#8221;1vw||5vw||false|false&#8221; custom_margin_last_edited=&#8221;on|phone&#8221; custom_padding=&#8221;1vw||0px||false|false&#8221; custom_padding_tablet=&#8221;1vw||||false|false&#8221; custom_padding_phone=&#8221;1vw||0vw||false|false&#8221; custom_padding_last_edited=&#8221;on|phone&#8221; link_option_url=&#8221;tel:952929293&#8243; text_font_size_tablet=&#8221;15px&#8221; text_font_size_phone=&#8221;14px&#8221; text_font_size_last_edited=&#8221;on|phone&#8221; header_font_size_tablet=&#8221;42px&#8221; header_font_size_phone=&#8221;42px&#8221; header_font_size_last_edited=&#8221;on|phone&#8221; header_3_font_size_tablet=&#8221;25px&#8221; header_3_font_size_phone=&#8221;19px&#8221; header_3_font_size_last_edited=&#8221;on|phone&#8221; global_colors_info=&#8221;{%22gcid-e010f2a6-5bcc-4cbf-902a-b2f60822625a%22:%91%22header_4_text_color%22,%22header_4_text_color%22,%22header_4_text_color%22%93}&#8221;]<\/p>\n<h3 class=\"lead\"><img decoding=\"async\" class=\"wp-image-5558 alignnone size-full\" src=\"https:\/\/puerto-banus.com\/wp-content\/uploads\/2022\/12\/llamada-telefonica1.png\" alt=\"\" width=\"30\" height=\"30\" \/> <a href=\"tel:952929293\">952 929 293<\/a><\/h3>\n<p>[\/et_pb_text][\/et_pb_column][\/et_pb_row][\/et_pb_section][et_pb_section fb_built=&#8221;1&#8243; custom_padding_last_edited=&#8221;on|phone&#8221; prev_background_color=&#8221;#02273d&#8221; admin_label=&#8221;Blog&#8221; _builder_version=&#8221;4.19.1&#8243; overflow-x=&#8221;hidden&#8221; custom_padding=&#8221;5vw||4vw||false|false&#8221; custom_padding_tablet=&#8221;10vw||||false|false&#8221; custom_padding_phone=&#8221;15vw||1vw||false|false&#8221; top_divider_style=&#8221;arrow2&#8243; top_divider_height=&#8221;25px&#8221; global_colors_info=&#8221;{}&#8221;][et_pb_row _builder_version=&#8221;4.19.1&#8243; width=&#8221;30%&#8221; width_tablet=&#8221;80%&#8221; width_phone=&#8221;80%&#8221; width_last_edited=&#8221;on|phone&#8221; max_width=&#8221;100%&#8221; custom_margin_tablet=&#8221;0px||||false|false&#8221; custom_margin_phone=&#8221;0px||||false|false&#8221; custom_margin_last_edited=&#8221;on|desktop&#8221; custom_padding=&#8221;||30px|||&#8221; global_colors_info=&#8221;{}&#8221;][et_pb_column type=&#8221;4_4&#8243; _builder_version=&#8221;4.16&#8243; z_index=&#8221;11&#8243; global_colors_info=&#8221;{}&#8221;][et_pb_text _builder_version=&#8221;4.19.2&#8243; _module_preset=&#8221;default&#8221; text_font=&#8221;Open Sans||||||||&#8221; text_text_color=&#8221;#02273d&#8221; text_font_size=&#8221;16px&#8221; text_line_height=&#8221;2em&#8221; header_2_font=&#8221;Montserrat|300|||||||&#8221; header_2_text_align=&#8221;center&#8221; header_2_text_color=&#8221;#02273d&#8221; header_2_font_size=&#8221;14px&#8221; header_2_line_height=&#8221;1.4em&#8221; header_3_font=&#8221;Montserrat|300|||||||&#8221; header_3_text_align=&#8221;justify&#8221; header_3_text_color=&#8221;#02273d&#8221; header_3_font_size=&#8221;18px&#8221; header_3_line_height=&#8221;2.2em&#8221; custom_margin=&#8221;||8px||false|false&#8221; text_font_size_tablet=&#8221;15px&#8221; text_font_size_phone=&#8221;14px&#8221; text_font_size_last_edited=&#8221;on|phone&#8221; header_3_font_size_tablet=&#8221;14px&#8221; header_3_font_size_phone=&#8221;14px&#8221; header_3_font_size_last_edited=&#8221;on|desktop&#8221; global_colors_info=&#8221;{}&#8221;]<\/p>\n<h2><span data-contrast=\"auto\" xml:lang=\"EN-GB\" lang=\"EN-GB\" class=\"TextRun SCXW209473948 BCX0\"><span class=\"NormalTextRun SCXW209473948 BCX0\">The philosophy of Bottega Veneta is rooted in subtlety and discernment. The brand uses luxurious materials with meticulous attention to detail. Bottega Veneta\u2019s designs allow those who wear them to shine, highlighting their inner strength. The emphasis on <\/span><span class=\"NormalTextRun SCXW209473948 BCX0\">craftsmanship<\/span><span class=\"NormalTextRun SCXW209473948 BCX0\"> and material innovation supports both the functionality and beauty of each creation.<\/span><\/span><span class=\"EOP SCXW209473948 BCX0\" data-ccp-props=\"{}\">\u00a0<\/span><\/h2>\n<p>[\/et_pb_text][et_pb_divider color=&#8221;rgba(16,39,61,0.29)&#8221; divider_style=&#8221;groove&#8221; _builder_version=&#8221;4.19.1&#8243; _module_preset=&#8221;default&#8221; custom_margin=&#8221;0vw||||false|false&#8221; custom_margin_tablet=&#8221;3vw||||false|false&#8221; custom_margin_phone=&#8221;7vw||||false|false&#8221; custom_margin_last_edited=&#8221;on|phone&#8221; custom_padding=&#8221;0.5vw||||false|false&#8221; custom_padding_tablet=&#8221;0.5vw||||false|false&#8221; custom_padding_phone=&#8221;0.5vw||||false|false&#8221; custom_padding_last_edited=&#8221;on|tablet&#8221; global_colors_info=&#8221;{}&#8221;][\/et_pb_divider][et_pb_text _builder_version=&#8221;4.22.1&#8243; _module_preset=&#8221;default&#8221; text_font=&#8221;Open Sans||||||||&#8221; text_text_color=&#8221;#02273d&#8221; text_font_size=&#8221;16px&#8221; text_line_height=&#8221;2em&#8221; header_2_font=&#8221;Montserrat|300|||||||&#8221; header_2_text_align=&#8221;center&#8221; header_2_text_color=&#8221;#02273d&#8221; header_2_font_size=&#8221;14px&#8221; header_2_line_height=&#8221;1.4em&#8221; header_3_font=&#8221;Montserrat|300|||||||&#8221; header_3_text_align=&#8221;justify&#8221; header_3_text_color=&#8221;#02273d&#8221; header_3_font_size=&#8221;18px&#8221; header_3_line_height=&#8221;2.2em&#8221; custom_margin=&#8221;||8px||false|false&#8221; text_font_size_tablet=&#8221;15px&#8221; text_font_size_phone=&#8221;14px&#8221; text_font_size_last_edited=&#8221;on|phone&#8221; header_3_font_size_tablet=&#8221;14px&#8221; header_3_font_size_phone=&#8221;14px&#8221; header_3_font_size_last_edited=&#8221;on|desktop&#8221; global_colors_info=&#8221;{}&#8221;]<\/p>\n<h2 style=\"text-align: center;\"><strong>Schedule<\/strong><\/h2>\n<h2 style=\"text-align: center;\">Summer hours: Monday- Sunday 11:00-24:00<\/h2>\n<h2 style=\"text-align: center;\">Winter hours: Monday- Sunday 12:00-20:00<\/h2>\n<p style=\"text-align: center;\">\u00a0<\/p>\n<h2 style=\"text-align: center;\">*Opening hours are subject to change in winter.<\/h2>\n<p>[\/et_pb_text][et_pb_divider color=&#8221;rgba(16,39,61,0.29)&#8221; divider_style=&#8221;groove&#8221; _builder_version=&#8221;4.19.1&#8243; _module_preset=&#8221;default&#8221; custom_margin=&#8221;0vw||||false|false&#8221; custom_margin_tablet=&#8221;3vw||||false|false&#8221; custom_margin_phone=&#8221;7vw||||false|false&#8221; custom_margin_last_edited=&#8221;on|phone&#8221; custom_padding=&#8221;0.5vw||||false|false&#8221; custom_padding_tablet=&#8221;0.5vw||||false|false&#8221; custom_padding_phone=&#8221;0.5vw||||false|false&#8221; custom_padding_last_edited=&#8221;on|tablet&#8221; global_colors_info=&#8221;{}&#8221;][\/et_pb_divider][et_pb_text _builder_version=&#8221;4.22.2&#8243; _module_preset=&#8221;default&#8221; text_font=&#8221;Open Sans||||||||&#8221; text_text_color=&#8221;#02273d&#8221; text_font_size=&#8221;16px&#8221; text_line_height=&#8221;2em&#8221; header_2_font=&#8221;Montserrat|300|||||||&#8221; header_2_text_align=&#8221;center&#8221; header_2_text_color=&#8221;#10273D&#8221; header_2_font_size=&#8221;14px&#8221; header_2_line_height=&#8221;1.4em&#8221; header_3_font=&#8221;Montserrat|300|||||||&#8221; header_3_text_align=&#8221;justify&#8221; header_3_text_color=&#8221;#02273d&#8221; header_3_font_size=&#8221;18px&#8221; header_3_line_height=&#8221;2.2em&#8221; custom_margin=&#8221;||8px||false|false&#8221; text_font_size_tablet=&#8221;15px&#8221; text_font_size_phone=&#8221;14px&#8221; text_font_size_last_edited=&#8221;on|phone&#8221; header_3_font_size_tablet=&#8221;14px&#8221; header_3_font_size_phone=&#8221;14px&#8221; header_3_font_size_last_edited=&#8221;on|desktop&#8221; global_colors_info=&#8221;{}&#8221;]<\/p>\n<h2 style=\"text-align: center;\">Muelle de Ribera y Calle de Ribera<\/h2>\n<h2 style=\"text-align: center;\">29660 Marbella, Puerto Ban\u00fas<\/h2>\n<p>&nbsp;<\/p>\n<h2 style=\"text-align: center;\"><a href=\"mailto:puertobanus.bues@bottegaveneta.com\"><span data-sheets-value=\"{&quot;1&quot;:2,&quot;2&quot;:&quot;puertobanus.bues@bottegaveneta.com&quot;}\" data-sheets-userformat=\"{&quot;2&quot;:513,&quot;3&quot;:{&quot;1&quot;:0},&quot;12&quot;:0}\">puertobanus.bues@bottegaveneta.com<\/span><\/a><\/h2>\n<p>&nbsp;<\/p>\n<h2 style=\"text-align: center;\"><strong><a href=\"https:\/\/www.bottegaveneta.com\" target=\"_blank\" rel=\"noopener noreferrer\">www.bottegaveneta.com<\/a><\/strong><\/h2>\n<p>[\/et_pb_text][et_pb_divider color=&#8221;rgba(16,39,61,0.29)&#8221; divider_style=&#8221;groove&#8221; _builder_version=&#8221;4.19.1&#8243; _module_preset=&#8221;default&#8221; custom_margin=&#8221;0vw||||false|false&#8221; custom_margin_tablet=&#8221;3vw||||false|false&#8221; custom_margin_phone=&#8221;7vw||||false|false&#8221; custom_margin_last_edited=&#8221;on|phone&#8221; custom_padding=&#8221;0.5vw||||false|false&#8221; custom_padding_tablet=&#8221;0.5vw||||false|false&#8221; custom_padding_phone=&#8221;0.5vw||||false|false&#8221; custom_padding_last_edited=&#8221;on|tablet&#8221; global_colors_info=&#8221;{}&#8221;][\/et_pb_divider][et_pb_button button_url=&#8221;@ET-DC@eyJkeW5hbWljIjp0cnVlLCJjb250ZW50IjoicG9zdF9saW5rX3VybF9wYWdlIiwic2V0dGluZ3MiOnsicG9zdF9pZCI6IjM1MDYifX0=@&#8221; button_text=&#8221;SEE ALL&#8221; button_alignment=&#8221;center&#8221; _builder_version=&#8221;4.19.1&#8243; _dynamic_attributes=&#8221;button_url&#8221; _module_preset=&#8221;default&#8221; custom_button=&#8221;on&#8221; button_text_size=&#8221;14px&#8221; button_text_color=&#8221;#10273D&#8221; button_bg_color=&#8221;#FFFFFF&#8221; button_border_width=&#8221;1px&#8221; button_border_color=&#8221;#02273d&#8221; button_border_radius=&#8221;1px&#8221; button_font=&#8221;Montserrat|300|||||||&#8221; button_icon=&#8221;&#xf053;||fa||900&#8243; button_icon_color=&#8221;#10273D&#8221; button_icon_placement=&#8221;left&#8221; background_layout=&#8221;dark&#8221; custom_margin=&#8221;1vw||44px||false|false&#8221; custom_margin_tablet=&#8221;4vw||||false|false&#8221; custom_margin_phone=&#8221;4vw||||false|false&#8221; custom_margin_last_edited=&#8221;on|phone&#8221; button_text_size_tablet=&#8221;14px&#8221; button_text_size_phone=&#8221;14px&#8221; button_text_size_last_edited=&#8221;on|tablet&#8221; global_colors_info=&#8221;{}&#8221;][\/et_pb_button][\/et_pb_column][\/et_pb_row][et_pb_row _builder_version=&#8221;4.22.2&#8243; _module_preset=&#8221;default&#8221; locked=&#8221;off&#8221; global_colors_info=&#8221;{}&#8221;][et_pb_column type=&#8221;4_4&#8243; _builder_version=&#8221;4.22.2&#8243; _module_preset=&#8221;default&#8221; global_colors_info=&#8221;{}&#8221;][et_pb_text _builder_version=&#8221;4.24.0&#8243; _module_preset=&#8221;default&#8221; global_colors_info=&#8221;{}&#8221;]<mapplic-map data-location=\"43-bottega-veneta-1\" data-json=\"https:\/\/mapplic.com\/getMapData?id=PzUYJjrOTW7ElLZGFDV1\"><script type=\"text\/javascript\" id=\"mapplic-script\" src=\"https:\/\/mapplic.com\/mapplic.js\"><\/script><\/mapplic-map>[\/et_pb_text][\/et_pb_column][\/et_pb_row][\/et_pb_section]<\/p>\n","protected":false},"excerpt":{"rendered":"<p>BOTTEGA VENETA 952 929 293The philosophy of Bottega Veneta is rooted in subtlety and discernment. The brand uses luxurious materials with meticulous attention to detail. Bottega Veneta\u2019s designs allow those who wear them to shine, highlighting their inner strength. The emphasis on craftsmanship and material innovation supports both the functionality and beauty of each creation.\u00a0Schedule [&hellip;]<\/p>\n","protected":false},"author":2,"featured_media":0,"parent":0,"menu_order":0,"comment_status":"closed","ping_status":"closed","template":"","meta":{"_acf_changed":false,"_et_pb_use_builder":"on","_et_pb_old_content":"","_et_gb_content_width":"","_joinchat":[],"footnotes":""},"class_list":["post-30917","page","type-page","status-publish","hentry"],"acf":[],"yoast_head":"<!-- This site is optimized with the Yoast SEO plugin v27.3 - https:\/\/yoast.com\/product\/yoast-seo-wordpress\/ -->\n<title>Bottega Veneta | Puerto Ban\u00fas<\/title>\n<meta name=\"description\" content=\"Bottega Veneta in Puerto Ban\u00fas, Marbella\u2014Italian luxury craft. Explore bags, shoes, ready-to-wear and accessories at our marina boutique by the port today.\" \/>\n<meta name=\"robots\" content=\"index, follow, max-snippet:-1, max-image-preview:large, max-video-preview:-1\" \/>\n<link rel=\"canonical\" href=\"https:\/\/puerto-banus.com\/en\/bottega-veneta\/\" \/>\n<meta property=\"og:locale\" content=\"en_US\" \/>\n<meta property=\"og:type\" content=\"article\" \/>\n<meta property=\"og:title\" content=\"Bottega Veneta | Puerto Ban\u00fas\" \/>\n<meta property=\"og:description\" content=\"Bottega Veneta in Puerto Ban\u00fas, Marbella\u2014Italian luxury craft. Explore bags, shoes, ready-to-wear and accessories at our marina boutique by the port today.\" \/>\n<meta property=\"og:site_name\" content=\"Puerto Ban\u00fas\" \/>\n<meta property=\"article:publisher\" content=\"https:\/\/www.facebook.com\/puertobanus\/\" \/>\n<meta property=\"article:modified_time\" content=\"2025-11-06T10:31:49+00:00\" \/>\n<meta property=\"og:image\" content=\"https:\/\/puerto-banus.com\/wp-content\/uploads\/2022\/12\/llamada-telefonica1.png\" \/>\n\t<meta property=\"og:image:width\" content=\"512\" \/>\n\t<meta property=\"og:image:height\" content=\"512\" \/>\n\t<meta property=\"og:image:type\" content=\"image\/png\" \/>\n<meta name=\"twitter:card\" content=\"summary_large_image\" \/>\n<meta name=\"twitter:label1\" content=\"Est. reading time\" \/>\n\t<meta name=\"twitter:data1\" content=\"1 minute\" \/>\n<script type=\"application\/ld+json\" class=\"yoast-schema-graph\">{\"@context\":\"https:\\\/\\\/schema.org\",\"@graph\":[{\"@type\":\"WebPage\",\"@id\":\"https:\\\/\\\/puerto-banus.com\\\/en\\\/bottega-veneta\\\/\",\"url\":\"https:\\\/\\\/puerto-banus.com\\\/en\\\/bottega-veneta\\\/\",\"name\":\"Bottega Veneta | Puerto Ban\u00fas\",\"isPartOf\":{\"@id\":\"https:\\\/\\\/puerto-banus.com\\\/en\\\/#website\"},\"primaryImageOfPage\":{\"@id\":\"https:\\\/\\\/puerto-banus.com\\\/en\\\/bottega-veneta\\\/#primaryimage\"},\"image\":{\"@id\":\"https:\\\/\\\/puerto-banus.com\\\/en\\\/bottega-veneta\\\/#primaryimage\"},\"thumbnailUrl\":\"https:\\\/\\\/puerto-banus.com\\\/wp-content\\\/uploads\\\/2022\\\/12\\\/llamada-telefonica1.png\",\"datePublished\":\"2022-12-01T10:54:48+00:00\",\"dateModified\":\"2025-11-06T10:31:49+00:00\",\"description\":\"Bottega Veneta in Puerto Ban\u00fas, Marbella\u2014Italian luxury craft. Explore bags, shoes, ready-to-wear and accessories at our marina boutique by the port today.\",\"breadcrumb\":{\"@id\":\"https:\\\/\\\/puerto-banus.com\\\/en\\\/bottega-veneta\\\/#breadcrumb\"},\"inLanguage\":\"en-US\",\"potentialAction\":[{\"@type\":\"ReadAction\",\"target\":[\"https:\\\/\\\/puerto-banus.com\\\/en\\\/bottega-veneta\\\/\"]}]},{\"@type\":\"ImageObject\",\"inLanguage\":\"en-US\",\"@id\":\"https:\\\/\\\/puerto-banus.com\\\/en\\\/bottega-veneta\\\/#primaryimage\",\"url\":\"https:\\\/\\\/puerto-banus.com\\\/wp-content\\\/uploads\\\/2022\\\/12\\\/llamada-telefonica1.png\",\"contentUrl\":\"https:\\\/\\\/puerto-banus.com\\\/wp-content\\\/uploads\\\/2022\\\/12\\\/llamada-telefonica1.png\"},{\"@type\":\"BreadcrumbList\",\"@id\":\"https:\\\/\\\/puerto-banus.com\\\/en\\\/bottega-veneta\\\/#breadcrumb\",\"itemListElement\":[{\"@type\":\"ListItem\",\"position\":1,\"name\":\"Portada\",\"item\":\"https:\\\/\\\/puerto-banus.com\\\/en\\\/\"},{\"@type\":\"ListItem\",\"position\":2,\"name\":\"Bottega Veneta\"}]},{\"@type\":\"WebSite\",\"@id\":\"https:\\\/\\\/puerto-banus.com\\\/en\\\/#website\",\"url\":\"https:\\\/\\\/puerto-banus.com\\\/en\\\/\",\"name\":\"Bienvenido a la web de Puerto Ban\u00fas\",\"description\":\"Puerto Deportivo Puerto Jos\u00e9 Ban\u00fas. Descubre, Sue\u00f1a y Explora.\",\"publisher\":{\"@id\":\"https:\\\/\\\/puerto-banus.com\\\/en\\\/#organization\"},\"potentialAction\":[{\"@type\":\"SearchAction\",\"target\":{\"@type\":\"EntryPoint\",\"urlTemplate\":\"https:\\\/\\\/puerto-banus.com\\\/en\\\/?s={search_term_string}\"},\"query-input\":{\"@type\":\"PropertyValueSpecification\",\"valueRequired\":true,\"valueName\":\"search_term_string\"}}],\"inLanguage\":\"en-US\"},{\"@type\":\"Organization\",\"@id\":\"https:\\\/\\\/puerto-banus.com\\\/en\\\/#organization\",\"name\":\"Bienvenido a la web de Puerto Ban\u00fas\",\"url\":\"https:\\\/\\\/puerto-banus.com\\\/en\\\/\",\"logo\":{\"@type\":\"ImageObject\",\"inLanguage\":\"en-US\",\"@id\":\"https:\\\/\\\/puerto-banus.com\\\/en\\\/#\\\/schema\\\/logo\\\/image\\\/\",\"url\":\"https:\\\/\\\/puerto-banus.com\\\/wp-content\\\/uploads\\\/2022\\\/09\\\/favicon_150.png\",\"contentUrl\":\"https:\\\/\\\/puerto-banus.com\\\/wp-content\\\/uploads\\\/2022\\\/09\\\/favicon_150.png\",\"width\":109,\"height\":109,\"caption\":\"Bienvenido a la web de Puerto Ban\u00fas\"},\"image\":{\"@id\":\"https:\\\/\\\/puerto-banus.com\\\/en\\\/#\\\/schema\\\/logo\\\/image\\\/\"},\"sameAs\":[\"https:\\\/\\\/www.facebook.com\\\/puertobanus\\\/\",\"https:\\\/\\\/www.instagram.com\\\/puertobanusoficial\\\/\",\"https:\\\/\\\/www.linkedin.com\\\/company\\\/puerto-banus\\\/\",\"https:\\\/\\\/www.youtube.com\\\/channel\\\/UCg1L_BYRoc53if_Gx5YTyEQ\"]}]}<\/script>\n<!-- \/ Yoast SEO plugin. -->","yoast_head_json":{"title":"Bottega Veneta | Puerto Ban\u00fas","description":"Bottega Veneta in Puerto Ban\u00fas, Marbella\u2014Italian luxury craft. Explore bags, shoes, ready-to-wear and accessories at our marina boutique by the port today.","robots":{"index":"index","follow":"follow","max-snippet":"max-snippet:-1","max-image-preview":"max-image-preview:large","max-video-preview":"max-video-preview:-1"},"canonical":"https:\/\/puerto-banus.com\/en\/bottega-veneta\/","og_locale":"en_US","og_type":"article","og_title":"Bottega Veneta | Puerto Ban\u00fas","og_description":"Bottega Veneta in Puerto Ban\u00fas, Marbella\u2014Italian luxury craft. Explore bags, shoes, ready-to-wear and accessories at our marina boutique by the port today.","og_site_name":"Puerto Ban\u00fas","article_publisher":"https:\/\/www.facebook.com\/puertobanus\/","article_modified_time":"2025-11-06T10:31:49+00:00","og_image":[{"width":512,"height":512,"url":"https:\/\/puerto-banus.com\/wp-content\/uploads\/2022\/12\/llamada-telefonica1.png","type":"image\/png"}],"twitter_card":"summary_large_image","twitter_misc":{"Est. reading time":"1 minute"},"schema":{"@context":"https:\/\/schema.org","@graph":[{"@type":"WebPage","@id":"https:\/\/puerto-banus.com\/en\/bottega-veneta\/","url":"https:\/\/puerto-banus.com\/en\/bottega-veneta\/","name":"Bottega Veneta | Puerto Ban\u00fas","isPartOf":{"@id":"https:\/\/puerto-banus.com\/en\/#website"},"primaryImageOfPage":{"@id":"https:\/\/puerto-banus.com\/en\/bottega-veneta\/#primaryimage"},"image":{"@id":"https:\/\/puerto-banus.com\/en\/bottega-veneta\/#primaryimage"},"thumbnailUrl":"https:\/\/puerto-banus.com\/wp-content\/uploads\/2022\/12\/llamada-telefonica1.png","datePublished":"2022-12-01T10:54:48+00:00","dateModified":"2025-11-06T10:31:49+00:00","description":"Bottega Veneta in Puerto Ban\u00fas, Marbella\u2014Italian luxury craft. Explore bags, shoes, ready-to-wear and accessories at our marina boutique by the port today.","breadcrumb":{"@id":"https:\/\/puerto-banus.com\/en\/bottega-veneta\/#breadcrumb"},"inLanguage":"en-US","potentialAction":[{"@type":"ReadAction","target":["https:\/\/puerto-banus.com\/en\/bottega-veneta\/"]}]},{"@type":"ImageObject","inLanguage":"en-US","@id":"https:\/\/puerto-banus.com\/en\/bottega-veneta\/#primaryimage","url":"https:\/\/puerto-banus.com\/wp-content\/uploads\/2022\/12\/llamada-telefonica1.png","contentUrl":"https:\/\/puerto-banus.com\/wp-content\/uploads\/2022\/12\/llamada-telefonica1.png"},{"@type":"BreadcrumbList","@id":"https:\/\/puerto-banus.com\/en\/bottega-veneta\/#breadcrumb","itemListElement":[{"@type":"ListItem","position":1,"name":"Portada","item":"https:\/\/puerto-banus.com\/en\/"},{"@type":"ListItem","position":2,"name":"Bottega Veneta"}]},{"@type":"WebSite","@id":"https:\/\/puerto-banus.com\/en\/#website","url":"https:\/\/puerto-banus.com\/en\/","name":"Bienvenido a la web de Puerto Ban\u00fas","description":"Puerto Deportivo Puerto Jos\u00e9 Ban\u00fas. Descubre, Sue\u00f1a y Explora.","publisher":{"@id":"https:\/\/puerto-banus.com\/en\/#organization"},"potentialAction":[{"@type":"SearchAction","target":{"@type":"EntryPoint","urlTemplate":"https:\/\/puerto-banus.com\/en\/?s={search_term_string}"},"query-input":{"@type":"PropertyValueSpecification","valueRequired":true,"valueName":"search_term_string"}}],"inLanguage":"en-US"},{"@type":"Organization","@id":"https:\/\/puerto-banus.com\/en\/#organization","name":"Bienvenido a la web de Puerto Ban\u00fas","url":"https:\/\/puerto-banus.com\/en\/","logo":{"@type":"ImageObject","inLanguage":"en-US","@id":"https:\/\/puerto-banus.com\/en\/#\/schema\/logo\/image\/","url":"https:\/\/puerto-banus.com\/wp-content\/uploads\/2022\/09\/favicon_150.png","contentUrl":"https:\/\/puerto-banus.com\/wp-content\/uploads\/2022\/09\/favicon_150.png","width":109,"height":109,"caption":"Bienvenido a la web de Puerto Ban\u00fas"},"image":{"@id":"https:\/\/puerto-banus.com\/en\/#\/schema\/logo\/image\/"},"sameAs":["https:\/\/www.facebook.com\/puertobanus\/","https:\/\/www.instagram.com\/puertobanusoficial\/","https:\/\/www.linkedin.com\/company\/puerto-banus\/","https:\/\/www.youtube.com\/channel\/UCg1L_BYRoc53if_Gx5YTyEQ"]}]}},"_links":{"self":[{"href":"https:\/\/puerto-banus.com\/en\/wp-json\/wp\/v2\/pages\/30917","targetHints":{"allow":["GET"]}}],"collection":[{"href":"https:\/\/puerto-banus.com\/en\/wp-json\/wp\/v2\/pages"}],"about":[{"href":"https:\/\/puerto-banus.com\/en\/wp-json\/wp\/v2\/types\/page"}],"author":[{"embeddable":true,"href":"https:\/\/puerto-banus.com\/en\/wp-json\/wp\/v2\/users\/2"}],"replies":[{"embeddable":true,"href":"https:\/\/puerto-banus.com\/en\/wp-json\/wp\/v2\/comments?post=30917"}],"version-history":[{"count":1,"href":"https:\/\/puerto-banus.com\/en\/wp-json\/wp\/v2\/pages\/30917\/revisions"}],"predecessor-version":[{"id":48946,"href":"https:\/\/puerto-banus.com\/en\/wp-json\/wp\/v2\/pages\/30917\/revisions\/48946"}],"wp:attachment":[{"href":"https:\/\/puerto-banus.com\/en\/wp-json\/wp\/v2\/media?parent=30917"}],"curies":[{"name":"wp","href":"https:\/\/api.w.org\/{rel}","templated":true}]}}